{"id":39030,"date":"2025-09-26T15:33:06","date_gmt":"2025-09-26T20:33:06","guid":{"rendered":"https:\/\/www.veroespresso.com\/?post_type=product&#038;p=39030"},"modified":"2026-03-25T23:02:18","modified_gmt":"2026-03-26T04:02:18","slug":"italian-coffee-ristretto-fr","status":"publish","type":"product","link":"https:\/\/www.veroespresso.com\/fr\/produit\/italian-coffee-ristretto-fr\/","title":{"rendered":"Ristretto 100 capsules ordinaires"},"content":{"rendered":"<h4 id=\"tw-target-text\" class=\"tw-data-text tw-text-large tw-ta\" dir=\"ltr\" role=\"text\" data-placeholder=\"Translation\" data-ved=\"2ahUKEwir27ylr4OQAxVyTTABHY_KLIQQ3ewLegQICxAW\" aria-label=\"Translated text: Marque : Caf\u00e9 italien pour les amateurs d'espresso Quantit\u00e9 : 100 capsules Compatibilit\u00e9 : Gamme Nespresso Original Service id\u00e9al : Espresso 75 ml Intensit\u00e9 : 10\/10 Torr\u00e9faction : Napolitaine (torr\u00e9faction fonc\u00e9e) Notre m\u00e9lange le plus cors\u00e9 et le plus populaire ! Soigneusement s\u00e9lectionn\u00e9 et torr\u00e9fi\u00e9 \u00e0 la napolitaine : 100 % grains de robusta, fonc\u00e9s, intenses et cors\u00e9s !\"><span class=\"Y2IQFc\" lang=\"fr\">Marque : Caf\u00e9 italien pour les amateurs d&rsquo;espresso <\/span><\/h4>\n<h4 class=\"tw-data-text tw-text-large tw-ta\" dir=\"ltr\" role=\"text\" data-placeholder=\"Translation\" data-ved=\"2ahUKEwir27ylr4OQAxVyTTABHY_KLIQQ3ewLegQICxAW\" aria-label=\"Translated text: Marque : Caf\u00e9 italien pour les amateurs d'espresso Quantit\u00e9 : 100 capsules Compatibilit\u00e9 : Gamme Nespresso Original Service id\u00e9al : Espresso 75 ml Intensit\u00e9 : 10\/10 Torr\u00e9faction : Napolitaine (torr\u00e9faction fonc\u00e9e) Notre m\u00e9lange le plus cors\u00e9 et le plus populaire ! Soigneusement s\u00e9lectionn\u00e9 et torr\u00e9fi\u00e9 \u00e0 la napolitaine : 100 % grains de robusta, fonc\u00e9s, intenses et cors\u00e9s !\"><span class=\"Y2IQFc\" lang=\"fr\">Quantit\u00e9 : 100 capsules <\/span><\/h4>\n<h4 class=\"tw-data-text tw-text-large tw-ta\" dir=\"ltr\" role=\"text\" data-placeholder=\"Translation\" data-ved=\"2ahUKEwir27ylr4OQAxVyTTABHY_KLIQQ3ewLegQICxAW\" aria-label=\"Translated text: Marque : Caf\u00e9 italien pour les amateurs d'espresso Quantit\u00e9 : 100 capsules Compatibilit\u00e9 : Gamme Nespresso Original Service id\u00e9al : Espresso 75 ml Intensit\u00e9 : 10\/10 Torr\u00e9faction : Napolitaine (torr\u00e9faction fonc\u00e9e) Notre m\u00e9lange le plus cors\u00e9 et le plus populaire ! Soigneusement s\u00e9lectionn\u00e9 et torr\u00e9fi\u00e9 \u00e0 la napolitaine : 100 % grains de robusta, fonc\u00e9s, intenses et cors\u00e9s !\"><span class=\"Y2IQFc\" lang=\"fr\">Compatibilit\u00e9 : Gamme Nespresso Original <\/span><\/h4>\n<h4 class=\"tw-data-text tw-text-large tw-ta\" dir=\"ltr\" role=\"text\" data-placeholder=\"Translation\" data-ved=\"2ahUKEwir27ylr4OQAxVyTTABHY_KLIQQ3ewLegQICxAW\" aria-label=\"Translated text: Marque : Caf\u00e9 italien pour les amateurs d'espresso Quantit\u00e9 : 100 capsules Compatibilit\u00e9 : Gamme Nespresso Original Service id\u00e9al : Espresso 75 ml Intensit\u00e9 : 10\/10 Torr\u00e9faction : Napolitaine (torr\u00e9faction fonc\u00e9e) Notre m\u00e9lange le plus cors\u00e9 et le plus populaire ! Soigneusement s\u00e9lectionn\u00e9 et torr\u00e9fi\u00e9 \u00e0 la napolitaine : 100 % grains de robusta, fonc\u00e9s, intenses et cors\u00e9s !\"><span class=\"Y2IQFc\" lang=\"fr\">Service id\u00e9al : Espresso 75 ml <\/span><\/h4>\n<h4 class=\"tw-data-text tw-text-large tw-ta\" dir=\"ltr\" role=\"text\" data-placeholder=\"Translation\" data-ved=\"2ahUKEwir27ylr4OQAxVyTTABHY_KLIQQ3ewLegQICxAW\" aria-label=\"Translated text: Marque : Caf\u00e9 italien pour les amateurs d'espresso Quantit\u00e9 : 100 capsules Compatibilit\u00e9 : Gamme Nespresso Original Service id\u00e9al : Espresso 75 ml Intensit\u00e9 : 10\/10 Torr\u00e9faction : Napolitaine (torr\u00e9faction fonc\u00e9e) Notre m\u00e9lange le plus cors\u00e9 et le plus populaire ! Soigneusement s\u00e9lectionn\u00e9 et torr\u00e9fi\u00e9 \u00e0 la napolitaine : 100 % grains de robusta, fonc\u00e9s, intenses et cors\u00e9s !\"><span class=\"Y2IQFc\" lang=\"fr\">Intensit\u00e9 : 10\/10 <\/span><\/h4>\n<h4 class=\"tw-data-text tw-text-large tw-ta\" dir=\"ltr\" role=\"text\" data-placeholder=\"Translation\" data-ved=\"2ahUKEwir27ylr4OQAxVyTTABHY_KLIQQ3ewLegQICxAW\" aria-label=\"Translated text: Marque : Caf\u00e9 italien pour les amateurs d'espresso Quantit\u00e9 : 100 capsules Compatibilit\u00e9 : Gamme Nespresso Original Service id\u00e9al : Espresso 75 ml Intensit\u00e9 : 10\/10 Torr\u00e9faction : Napolitaine (torr\u00e9faction fonc\u00e9e) Notre m\u00e9lange le plus cors\u00e9 et le plus populaire ! Soigneusement s\u00e9lectionn\u00e9 et torr\u00e9fi\u00e9 \u00e0 la napolitaine : 100 % grains de robusta, fonc\u00e9s, intenses et cors\u00e9s !\"><span class=\"Y2IQFc\" lang=\"fr\">Torr\u00e9faction : Napolitaine (torr\u00e9faction fonc\u00e9e) <\/span><\/h4>\n<h4 class=\"tw-data-text tw-text-large tw-ta\" dir=\"ltr\" role=\"text\" data-placeholder=\"Translation\" data-ved=\"2ahUKEwir27ylr4OQAxVyTTABHY_KLIQQ3ewLegQICxAW\" aria-label=\"Translated text: Marque : Caf\u00e9 italien pour les amateurs d'espresso Quantit\u00e9 : 100 capsules Compatibilit\u00e9 : Gamme Nespresso Original Service id\u00e9al : Espresso 75 ml Intensit\u00e9 : 10\/10 Torr\u00e9faction : Napolitaine (torr\u00e9faction fonc\u00e9e) Notre m\u00e9lange le plus cors\u00e9 et le plus populaire ! Soigneusement s\u00e9lectionn\u00e9 et torr\u00e9fi\u00e9 \u00e0 la napolitaine : 100 % grains de robusta, fonc\u00e9s, intenses et cors\u00e9s !\"><span class=\"Y2IQFc\" lang=\"fr\">Notre m\u00e9lange le plus cors\u00e9 et le plus populaire ! Soigneusement s\u00e9lectionn\u00e9 et torr\u00e9fi\u00e9 \u00e0 la napolitaine : 100 % grains de robusta, fonc\u00e9s, intenses et cors\u00e9s !<\/span><\/h4>\n<h4><\/h4>\n\n    <div class=\"xs_social_share_widget xs_share_url after_content \t\tmain_content  wslu-style-1 wslu-share-box-shaped wslu-fill-colored wslu-none wslu-share-horizontal wslu-theme-font-no wslu-main_content\">\n\n\t\t\n        <ul>\n\t\t\t        <\/ul>\n    <\/div> \n","protected":false},"excerpt":{"rendered":"<p>Marque : Caf\u00e9 italien pour les amateurs d&rsquo;espresso Quantit\u00e9 : 100 capsules Compatibilit\u00e9 : Gamme Nespresso Original Service id\u00e9al : Espresso 75 ml Intensit\u00e9 : 10\/10 Torr\u00e9faction : Napolitaine (torr\u00e9faction fonc\u00e9e) Notre m\u00e9lange le plus cors\u00e9 et le plus populaire ! Soigneusement s\u00e9lectionn\u00e9 et torr\u00e9fi\u00e9 \u00e0 la napolitaine : 100 % grains de robusta, fonc\u00e9s,&hellip; <a class=\"more-link\" href=\"https:\/\/www.veroespresso.com\/fr\/produit\/italian-coffee-ristretto-fr\/\">Continue reading <span class=\"screen-reader-text\">Ristretto 100 capsules ordinaires<\/span><\/a><\/p>\n","protected":false},"featured_media":38745,"comment_status":"open","ping_status":"closed","template":"","meta":{"_acf_changed":false,"inline_featured_image":false},"product_brand":[],"product_cat":[63,76],"product_tag":[],"brand":[35],"class_list":{"0":"post-39030","1":"product","2":"type-product","3":"status-publish","4":"has-post-thumbnail","6":"product_cat-nespresso-original-fr","7":"product_cat-subscriptions-fr","8":"brand-italian-coffee","9":"entry","11":"first","12":"instock","13":"shipping-taxable","14":"purchasable","15":"product-type-simple"},"acf":[],"yoast_head":"<!-- This site is optimized with the Yoast SEO plugin v27.3 - https:\/\/yoast.com\/product\/yoast-seo-wordpress\/ -->\n<title>Ristretto - French - Vero Espresso<\/title>\n<meta name=\"description\" content=\"Capsules Italian Coffee Ristretto compatibles Nespresso \u2013 espresso court et intense, riche en ar\u00f4me avec une qualit\u00e9 italienne authentique.\" \/>\n<meta name=\"robots\" content=\"index, follow, max-snippet:-1, max-image-preview:large, max-video-preview:-1\" \/>\n<link rel=\"canonical\" href=\"https:\/\/www.veroespresso.com\/fr\/produit\/italian-coffee-ristretto-fr\/\" \/>\n<meta property=\"og:locale\" content=\"fr_FR\" \/>\n<meta property=\"og:type\" content=\"article\" \/>\n<meta property=\"og:title\" content=\"Ristretto - French - Vero Espresso\" \/>\n<meta property=\"og:description\" content=\"Capsules Italian Coffee Ristretto compatibles Nespresso \u2013 espresso court et intense, riche en ar\u00f4me avec une qualit\u00e9 italienne authentique.\" \/>\n<meta property=\"og:url\" content=\"https:\/\/www.veroespresso.com\/fr\/produit\/italian-coffee-ristretto-fr\/\" \/>\n<meta property=\"og:site_name\" content=\"Vero Espresso\" \/>\n<meta property=\"article:publisher\" content=\"https:\/\/www.facebook.com\/veroespressoshop\" \/>\n<meta property=\"article:modified_time\" content=\"2026-03-26T04:02:18+00:00\" \/>\n<meta property=\"og:image\" content=\"https:\/\/www.veroespresso.com\/wp-content\/uploads\/2022\/08\/Ristretto-alunes10-capsulina.png\" \/>\n\t<meta property=\"og:image:width\" content=\"476\" \/>\n\t<meta property=\"og:image:height\" content=\"753\" \/>\n\t<meta property=\"og:image:type\" content=\"image\/png\" \/>\n<meta name=\"twitter:card\" content=\"summary_large_image\" \/>\n<meta name=\"twitter:label1\" content=\"Dur\u00e9e de lecture estim\u00e9e\" \/>\n\t<meta name=\"twitter:data1\" content=\"1 minute\" \/>\n<script type=\"application\/ld+json\" class=\"yoast-schema-graph\">{\"@context\":\"https:\\\/\\\/schema.org\",\"@graph\":[{\"@type\":\"WebPage\",\"@id\":\"https:\\\/\\\/www.veroespresso.com\\\/fr\\\/produit\\\/italian-coffee-ristretto-fr\\\/\",\"url\":\"https:\\\/\\\/www.veroespresso.com\\\/fr\\\/produit\\\/italian-coffee-ristretto-fr\\\/\",\"name\":\"Ristretto - French - Vero Espresso\",\"isPartOf\":{\"@id\":\"https:\\\/\\\/www.veroespresso.com\\\/#website\"},\"primaryImageOfPage\":{\"@id\":\"https:\\\/\\\/www.veroespresso.com\\\/fr\\\/produit\\\/italian-coffee-ristretto-fr\\\/#primaryimage\"},\"image\":{\"@id\":\"https:\\\/\\\/www.veroespresso.com\\\/fr\\\/produit\\\/italian-coffee-ristretto-fr\\\/#primaryimage\"},\"thumbnailUrl\":\"https:\\\/\\\/www.veroespresso.com\\\/wp-content\\\/uploads\\\/2022\\\/08\\\/Ristretto-alunes10-capsulina.png\",\"datePublished\":\"2025-09-26T20:33:06+00:00\",\"dateModified\":\"2026-03-26T04:02:18+00:00\",\"description\":\"Capsules Italian Coffee Ristretto compatibles Nespresso \u2013 espresso court et intense, riche en ar\u00f4me avec une qualit\u00e9 italienne authentique.\",\"breadcrumb\":{\"@id\":\"https:\\\/\\\/www.veroespresso.com\\\/fr\\\/produit\\\/italian-coffee-ristretto-fr\\\/#breadcrumb\"},\"inLanguage\":\"fr-FR\",\"potentialAction\":[{\"@type\":\"ReadAction\",\"target\":[\"https:\\\/\\\/www.veroespresso.com\\\/fr\\\/produit\\\/italian-coffee-ristretto-fr\\\/\"]}]},{\"@type\":\"ImageObject\",\"inLanguage\":\"fr-FR\",\"@id\":\"https:\\\/\\\/www.veroespresso.com\\\/fr\\\/produit\\\/italian-coffee-ristretto-fr\\\/#primaryimage\",\"url\":\"https:\\\/\\\/www.veroespresso.com\\\/wp-content\\\/uploads\\\/2022\\\/08\\\/Ristretto-alunes10-capsulina.png\",\"contentUrl\":\"https:\\\/\\\/www.veroespresso.com\\\/wp-content\\\/uploads\\\/2022\\\/08\\\/Ristretto-alunes10-capsulina.png\",\"width\":476,\"height\":753,\"caption\":\"ristretto with capsule\"},{\"@type\":\"BreadcrumbList\",\"@id\":\"https:\\\/\\\/www.veroespresso.com\\\/fr\\\/produit\\\/italian-coffee-ristretto-fr\\\/#breadcrumb\",\"itemListElement\":[{\"@type\":\"ListItem\",\"position\":1,\"name\":\"Home\",\"item\":\"https:\\\/\\\/www.veroespresso.com\\\/fr\\\/\"},{\"@type\":\"ListItem\",\"position\":2,\"name\":\"Products\",\"item\":\"https:\\\/\\\/www.veroespresso.com\\\/shop\\\/\"},{\"@type\":\"ListItem\",\"position\":3,\"name\":\"Ristretto 100 capsules ordinaires\"}]},{\"@type\":\"WebSite\",\"@id\":\"https:\\\/\\\/www.veroespresso.com\\\/#website\",\"url\":\"https:\\\/\\\/www.veroespresso.com\\\/\",\"name\":\"Vero Espresso\",\"description\":\"Authentic Italian Flavor, One coffee Pod at a Time\",\"publisher\":{\"@id\":\"https:\\\/\\\/www.veroespresso.com\\\/#organization\"},\"potentialAction\":[{\"@type\":\"SearchAction\",\"target\":{\"@type\":\"EntryPoint\",\"urlTemplate\":\"https:\\\/\\\/www.veroespresso.com\\\/?s={search_term_string}\"},\"query-input\":{\"@type\":\"PropertyValueSpecification\",\"valueRequired\":true,\"valueName\":\"search_term_string\"}}],\"inLanguage\":\"fr-FR\"},{\"@type\":\"Organization\",\"@id\":\"https:\\\/\\\/www.veroespresso.com\\\/#organization\",\"name\":\"Vero Espresso\",\"url\":\"https:\\\/\\\/www.veroespresso.com\\\/\",\"logo\":{\"@type\":\"ImageObject\",\"inLanguage\":\"fr-FR\",\"@id\":\"https:\\\/\\\/www.veroespresso.com\\\/#\\\/schema\\\/logo\\\/image\\\/\",\"url\":\"https:\\\/\\\/www.veroespresso.com\\\/wp-content\\\/uploads\\\/2025\\\/09\\\/512x512vero-espresso-logo-nuovook-copy-2.jpg\",\"contentUrl\":\"https:\\\/\\\/www.veroespresso.com\\\/wp-content\\\/uploads\\\/2025\\\/09\\\/512x512vero-espresso-logo-nuovook-copy-2.jpg\",\"width\":512,\"height\":512,\"caption\":\"Vero Espresso\"},\"image\":{\"@id\":\"https:\\\/\\\/www.veroespresso.com\\\/#\\\/schema\\\/logo\\\/image\\\/\"},\"sameAs\":[\"https:\\\/\\\/www.facebook.com\\\/veroespressoshop\",\"https:\\\/\\\/www.instagram.com\\\/veroespressoshop\"]}]}<\/script>\n<!-- \/ Yoast SEO plugin. -->","yoast_head_json":{"title":"Ristretto - French - Vero Espresso","description":"Capsules Italian Coffee Ristretto compatibles Nespresso \u2013 espresso court et intense, riche en ar\u00f4me avec une qualit\u00e9 italienne authentique.","robots":{"index":"index","follow":"follow","max-snippet":"max-snippet:-1","max-image-preview":"max-image-preview:large","max-video-preview":"max-video-preview:-1"},"canonical":"https:\/\/www.veroespresso.com\/fr\/produit\/italian-coffee-ristretto-fr\/","og_locale":"fr_FR","og_type":"article","og_title":"Ristretto - French - Vero Espresso","og_description":"Capsules Italian Coffee Ristretto compatibles Nespresso \u2013 espresso court et intense, riche en ar\u00f4me avec une qualit\u00e9 italienne authentique.","og_url":"https:\/\/www.veroespresso.com\/fr\/produit\/italian-coffee-ristretto-fr\/","og_site_name":"Vero Espresso","article_publisher":"https:\/\/www.facebook.com\/veroespressoshop","article_modified_time":"2026-03-26T04:02:18+00:00","og_image":[{"width":476,"height":753,"url":"https:\/\/www.veroespresso.com\/wp-content\/uploads\/2022\/08\/Ristretto-alunes10-capsulina.png","type":"image\/png"}],"twitter_card":"summary_large_image","twitter_misc":{"Dur\u00e9e de lecture estim\u00e9e":"1 minute"},"schema":{"@context":"https:\/\/schema.org","@graph":[{"@type":"WebPage","@id":"https:\/\/www.veroespresso.com\/fr\/produit\/italian-coffee-ristretto-fr\/","url":"https:\/\/www.veroespresso.com\/fr\/produit\/italian-coffee-ristretto-fr\/","name":"Ristretto - French - Vero Espresso","isPartOf":{"@id":"https:\/\/www.veroespresso.com\/#website"},"primaryImageOfPage":{"@id":"https:\/\/www.veroespresso.com\/fr\/produit\/italian-coffee-ristretto-fr\/#primaryimage"},"image":{"@id":"https:\/\/www.veroespresso.com\/fr\/produit\/italian-coffee-ristretto-fr\/#primaryimage"},"thumbnailUrl":"https:\/\/www.veroespresso.com\/wp-content\/uploads\/2022\/08\/Ristretto-alunes10-capsulina.png","datePublished":"2025-09-26T20:33:06+00:00","dateModified":"2026-03-26T04:02:18+00:00","description":"Capsules Italian Coffee Ristretto compatibles Nespresso \u2013 espresso court et intense, riche en ar\u00f4me avec une qualit\u00e9 italienne authentique.","breadcrumb":{"@id":"https:\/\/www.veroespresso.com\/fr\/produit\/italian-coffee-ristretto-fr\/#breadcrumb"},"inLanguage":"fr-FR","potentialAction":[{"@type":"ReadAction","target":["https:\/\/www.veroespresso.com\/fr\/produit\/italian-coffee-ristretto-fr\/"]}]},{"@type":"ImageObject","inLanguage":"fr-FR","@id":"https:\/\/www.veroespresso.com\/fr\/produit\/italian-coffee-ristretto-fr\/#primaryimage","url":"https:\/\/www.veroespresso.com\/wp-content\/uploads\/2022\/08\/Ristretto-alunes10-capsulina.png","contentUrl":"https:\/\/www.veroespresso.com\/wp-content\/uploads\/2022\/08\/Ristretto-alunes10-capsulina.png","width":476,"height":753,"caption":"ristretto with capsule"},{"@type":"BreadcrumbList","@id":"https:\/\/www.veroespresso.com\/fr\/produit\/italian-coffee-ristretto-fr\/#breadcrumb","itemListElement":[{"@type":"ListItem","position":1,"name":"Home","item":"https:\/\/www.veroespresso.com\/fr\/"},{"@type":"ListItem","position":2,"name":"Products","item":"https:\/\/www.veroespresso.com\/shop\/"},{"@type":"ListItem","position":3,"name":"Ristretto 100 capsules ordinaires"}]},{"@type":"WebSite","@id":"https:\/\/www.veroespresso.com\/#website","url":"https:\/\/www.veroespresso.com\/","name":"Vero Espresso","description":"Authentic Italian Flavor, One coffee Pod at a Time","publisher":{"@id":"https:\/\/www.veroespresso.com\/#organization"},"potentialAction":[{"@type":"SearchAction","target":{"@type":"EntryPoint","urlTemplate":"https:\/\/www.veroespresso.com\/?s={search_term_string}"},"query-input":{"@type":"PropertyValueSpecification","valueRequired":true,"valueName":"search_term_string"}}],"inLanguage":"fr-FR"},{"@type":"Organization","@id":"https:\/\/www.veroespresso.com\/#organization","name":"Vero Espresso","url":"https:\/\/www.veroespresso.com\/","logo":{"@type":"ImageObject","inLanguage":"fr-FR","@id":"https:\/\/www.veroespresso.com\/#\/schema\/logo\/image\/","url":"https:\/\/www.veroespresso.com\/wp-content\/uploads\/2025\/09\/512x512vero-espresso-logo-nuovook-copy-2.jpg","contentUrl":"https:\/\/www.veroespresso.com\/wp-content\/uploads\/2025\/09\/512x512vero-espresso-logo-nuovook-copy-2.jpg","width":512,"height":512,"caption":"Vero Espresso"},"image":{"@id":"https:\/\/www.veroespresso.com\/#\/schema\/logo\/image\/"},"sameAs":["https:\/\/www.facebook.com\/veroespressoshop","https:\/\/www.instagram.com\/veroespressoshop"]}]}},"_links":{"self":[{"href":"https:\/\/www.veroespresso.com\/fr\/wp-json\/wp\/v2\/product\/39030","targetHints":{"allow":["GET"]}}],"collection":[{"href":"https:\/\/www.veroespresso.com\/fr\/wp-json\/wp\/v2\/product"}],"about":[{"href":"https:\/\/www.veroespresso.com\/fr\/wp-json\/wp\/v2\/types\/product"}],"replies":[{"embeddable":true,"href":"https:\/\/www.veroespresso.com\/fr\/wp-json\/wp\/v2\/comments?post=39030"}],"wp:featuredmedia":[{"embeddable":true,"href":"https:\/\/www.veroespresso.com\/fr\/wp-json\/wp\/v2\/media\/38745"}],"wp:attachment":[{"href":"https:\/\/www.veroespresso.com\/fr\/wp-json\/wp\/v2\/media?parent=39030"}],"wp:term":[{"taxonomy":"product_brand","embeddable":true,"href":"https:\/\/www.veroespresso.com\/fr\/wp-json\/wp\/v2\/product_brand?post=39030"},{"taxonomy":"product_cat","embeddable":true,"href":"https:\/\/www.veroespresso.com\/fr\/wp-json\/wp\/v2\/product_cat?post=39030"},{"taxonomy":"product_tag","embeddable":true,"href":"https:\/\/www.veroespresso.com\/fr\/wp-json\/wp\/v2\/product_tag?post=39030"},{"taxonomy":"brand","embeddable":true,"href":"https:\/\/www.veroespresso.com\/fr\/wp-json\/wp\/v2\/brand?post=39030"}],"curies":[{"name":"wp","href":"https:\/\/api.w.org\/{rel}","templated":true}]}}