{"id":39179,"date":"2025-09-26T16:47:57","date_gmt":"2025-09-26T21:47:57","guid":{"rendered":"https:\/\/www.veroespresso.com\/?post_type=product&#038;p=39179"},"modified":"2026-02-17T05:36:33","modified_gmt":"2026-02-17T10:36:33","slug":"italian-coffee-dek-decaf-copy","status":"publish","type":"product","link":"https:\/\/www.veroespresso.com\/fr\/produit\/italian-coffee-dek-decaf-copy\/","title":{"rendered":"DEK D\u00e9caf\u00e9in\u00e9 100 Capsules ordinaires"},"content":{"rendered":"<h4><strong>Marque : Caf\u00e9 italien pour les amateurs d&rsquo;espresso<\/strong><\/h4>\n<h4><strong>Quantit\u00e9 : 100 capsules<\/strong><\/h4>\n<h4><strong>Compatibilit\u00e9 : Gamme Nespresso Original<\/strong><\/h4>\n<h4><strong>Service id\u00e9al : Espresso 75 ml<\/strong><\/h4>\n<h4><strong>Intensit\u00e9 : 7\/10<\/strong><\/h4>\n<h4><strong>Torr\u00e9faction : Moyennement l\u00e9ger<\/strong><\/h4>\n<h4><strong>M\u00e9lange moyen, le m\u00eame expresso italien sans la caf\u00e9ine ! Notre m\u00e9lange d\u00e9caf\u00e9in\u00e9 est d\u00e9caf\u00e9in\u00e9 selon une m\u00e9thode naturelle \u00e0 la vapeur, sans d\u00e9caf\u00e9ination chimique !<\/strong><\/h4>\n<h4><\/h4>\n\n    <div class=\"xs_social_share_widget xs_share_url after_content \t\tmain_content  wslu-style-1 wslu-share-box-shaped wslu-fill-colored wslu-none wslu-share-horizontal wslu-theme-font-no wslu-main_content\">\n\n\t\t\n        <ul>\n\t\t\t        <\/ul>\n    <\/div> \n","protected":false},"excerpt":{"rendered":"<p>Marque : Caf\u00e9 italien pour les amateurs d&rsquo;espresso Quantit\u00e9 : 100 capsules Compatibilit\u00e9 : Gamme Nespresso Original Service id\u00e9al : Espresso 75 ml Intensit\u00e9 : 7\/10 Torr\u00e9faction : Moyennement l\u00e9ger M\u00e9lange moyen, le m\u00eame expresso italien sans la caf\u00e9ine ! Notre m\u00e9lange d\u00e9caf\u00e9in\u00e9 est d\u00e9caf\u00e9in\u00e9 selon une m\u00e9thode naturelle \u00e0 la vapeur, sans d\u00e9caf\u00e9ination chimique&hellip; <a class=\"more-link\" href=\"https:\/\/www.veroespresso.com\/fr\/produit\/italian-coffee-dek-decaf-copy\/\">Continue reading <span class=\"screen-reader-text\">DEK D\u00e9caf\u00e9in\u00e9 100 Capsules ordinaires<\/span><\/a><\/p>\n","protected":false},"featured_media":39196,"comment_status":"open","ping_status":"closed","template":"","meta":{"_acf_changed":false,"inline_featured_image":false},"product_brand":[],"product_cat":[63,76],"product_tag":[],"brand":[35],"class_list":{"0":"post-39179","1":"product","2":"type-product","3":"status-publish","4":"has-post-thumbnail","6":"product_cat-nespresso-original-fr","7":"product_cat-subscriptions-fr","8":"brand-italian-coffee","9":"entry","11":"first","12":"instock","13":"shipping-taxable","14":"purchasable","15":"product-type-simple"},"acf":[],"yoast_head":"<!-- This site is optimized with the Yoast SEO plugin v27.3 - https:\/\/yoast.com\/product\/yoast-seo-wordpress\/ -->\n<title>DEK Decaf - French - Vero Espresso<\/title>\n<meta name=\"description\" content=\"Caf\u00e9 italien Dek Decaf \u2013 expresso d\u00e9caf\u00e9in\u00e9 onctueux avec une saveur italienne authentique.\" \/>\n<meta name=\"robots\" content=\"index, follow, max-snippet:-1, max-image-preview:large, max-video-preview:-1\" \/>\n<link rel=\"canonical\" href=\"https:\/\/www.veroespresso.com\/fr\/produit\/italian-coffee-dek-decaf-copy\/\" \/>\n<meta property=\"og:locale\" content=\"fr_FR\" \/>\n<meta property=\"og:type\" content=\"article\" \/>\n<meta property=\"og:title\" content=\"DEK Decaf - French - Vero Espresso\" \/>\n<meta property=\"og:description\" content=\"Caf\u00e9 italien Dek Decaf \u2013 expresso d\u00e9caf\u00e9in\u00e9 onctueux avec une saveur italienne authentique.\" \/>\n<meta property=\"og:url\" content=\"https:\/\/www.veroespresso.com\/fr\/produit\/italian-coffee-dek-decaf-copy\/\" \/>\n<meta property=\"og:site_name\" content=\"Vero Espresso\" \/>\n<meta property=\"article:publisher\" content=\"https:\/\/www.facebook.com\/veroespressoshop\" \/>\n<meta property=\"article:modified_time\" content=\"2026-02-17T10:36:33+00:00\" \/>\n<meta property=\"og:image\" content=\"https:\/\/www.veroespresso.com\/wp-content\/uploads\/2025\/09\/deka-nes.png\" \/>\n\t<meta property=\"og:image:width\" content=\"1348\" \/>\n\t<meta property=\"og:image:height\" content=\"2006\" \/>\n\t<meta property=\"og:image:type\" content=\"image\/png\" \/>\n<meta name=\"twitter:card\" content=\"summary_large_image\" \/>\n<meta name=\"twitter:label1\" content=\"Dur\u00e9e de lecture estim\u00e9e\" \/>\n\t<meta name=\"twitter:data1\" content=\"1 minute\" \/>\n<script type=\"application\/ld+json\" class=\"yoast-schema-graph\">{\"@context\":\"https:\\\/\\\/schema.org\",\"@graph\":[{\"@type\":\"WebPage\",\"@id\":\"https:\\\/\\\/www.veroespresso.com\\\/fr\\\/produit\\\/italian-coffee-dek-decaf-copy\\\/\",\"url\":\"https:\\\/\\\/www.veroespresso.com\\\/fr\\\/produit\\\/italian-coffee-dek-decaf-copy\\\/\",\"name\":\"DEK Decaf - French - Vero Espresso\",\"isPartOf\":{\"@id\":\"https:\\\/\\\/www.veroespresso.com\\\/#website\"},\"primaryImageOfPage\":{\"@id\":\"https:\\\/\\\/www.veroespresso.com\\\/fr\\\/produit\\\/italian-coffee-dek-decaf-copy\\\/#primaryimage\"},\"image\":{\"@id\":\"https:\\\/\\\/www.veroespresso.com\\\/fr\\\/produit\\\/italian-coffee-dek-decaf-copy\\\/#primaryimage\"},\"thumbnailUrl\":\"https:\\\/\\\/www.veroespresso.com\\\/wp-content\\\/uploads\\\/2025\\\/09\\\/deka-nes.png\",\"datePublished\":\"2025-09-26T21:47:57+00:00\",\"dateModified\":\"2026-02-17T10:36:33+00:00\",\"description\":\"Caf\u00e9 italien Dek Decaf \u2013 expresso d\u00e9caf\u00e9in\u00e9 onctueux avec une saveur italienne authentique.\",\"breadcrumb\":{\"@id\":\"https:\\\/\\\/www.veroespresso.com\\\/fr\\\/produit\\\/italian-coffee-dek-decaf-copy\\\/#breadcrumb\"},\"inLanguage\":\"fr-FR\",\"potentialAction\":[{\"@type\":\"ReadAction\",\"target\":[\"https:\\\/\\\/www.veroespresso.com\\\/fr\\\/produit\\\/italian-coffee-dek-decaf-copy\\\/\"]}]},{\"@type\":\"ImageObject\",\"inLanguage\":\"fr-FR\",\"@id\":\"https:\\\/\\\/www.veroespresso.com\\\/fr\\\/produit\\\/italian-coffee-dek-decaf-copy\\\/#primaryimage\",\"url\":\"https:\\\/\\\/www.veroespresso.com\\\/wp-content\\\/uploads\\\/2025\\\/09\\\/deka-nes.png\",\"contentUrl\":\"https:\\\/\\\/www.veroespresso.com\\\/wp-content\\\/uploads\\\/2025\\\/09\\\/deka-nes.png\",\"width\":1348,\"height\":2006,\"caption\":\"dek nespresso regular\"},{\"@type\":\"BreadcrumbList\",\"@id\":\"https:\\\/\\\/www.veroespresso.com\\\/fr\\\/produit\\\/italian-coffee-dek-decaf-copy\\\/#breadcrumb\",\"itemListElement\":[{\"@type\":\"ListItem\",\"position\":1,\"name\":\"Home\",\"item\":\"https:\\\/\\\/www.veroespresso.com\\\/fr\\\/\"},{\"@type\":\"ListItem\",\"position\":2,\"name\":\"Products\",\"item\":\"https:\\\/\\\/www.veroespresso.com\\\/shop\\\/\"},{\"@type\":\"ListItem\",\"position\":3,\"name\":\"DEK D\u00e9caf\u00e9in\u00e9 100 Capsules ordinaires\"}]},{\"@type\":\"WebSite\",\"@id\":\"https:\\\/\\\/www.veroespresso.com\\\/#website\",\"url\":\"https:\\\/\\\/www.veroespresso.com\\\/\",\"name\":\"Vero Espresso\",\"description\":\"Authentic Italian Flavor, One coffee Pod at a Time\",\"publisher\":{\"@id\":\"https:\\\/\\\/www.veroespresso.com\\\/#organization\"},\"potentialAction\":[{\"@type\":\"SearchAction\",\"target\":{\"@type\":\"EntryPoint\",\"urlTemplate\":\"https:\\\/\\\/www.veroespresso.com\\\/?s={search_term_string}\"},\"query-input\":{\"@type\":\"PropertyValueSpecification\",\"valueRequired\":true,\"valueName\":\"search_term_string\"}}],\"inLanguage\":\"fr-FR\"},{\"@type\":\"Organization\",\"@id\":\"https:\\\/\\\/www.veroespresso.com\\\/#organization\",\"name\":\"Vero Espresso\",\"url\":\"https:\\\/\\\/www.veroespresso.com\\\/\",\"logo\":{\"@type\":\"ImageObject\",\"inLanguage\":\"fr-FR\",\"@id\":\"https:\\\/\\\/www.veroespresso.com\\\/#\\\/schema\\\/logo\\\/image\\\/\",\"url\":\"https:\\\/\\\/www.veroespresso.com\\\/wp-content\\\/uploads\\\/2025\\\/09\\\/512x512vero-espresso-logo-nuovook-copy-2.jpg\",\"contentUrl\":\"https:\\\/\\\/www.veroespresso.com\\\/wp-content\\\/uploads\\\/2025\\\/09\\\/512x512vero-espresso-logo-nuovook-copy-2.jpg\",\"width\":512,\"height\":512,\"caption\":\"Vero Espresso\"},\"image\":{\"@id\":\"https:\\\/\\\/www.veroespresso.com\\\/#\\\/schema\\\/logo\\\/image\\\/\"},\"sameAs\":[\"https:\\\/\\\/www.facebook.com\\\/veroespressoshop\",\"https:\\\/\\\/www.instagram.com\\\/veroespressoshop\"]}]}<\/script>\n<!-- \/ Yoast SEO plugin. -->","yoast_head_json":{"title":"DEK Decaf - French - Vero Espresso","description":"Caf\u00e9 italien Dek Decaf \u2013 expresso d\u00e9caf\u00e9in\u00e9 onctueux avec une saveur italienne authentique.","robots":{"index":"index","follow":"follow","max-snippet":"max-snippet:-1","max-image-preview":"max-image-preview:large","max-video-preview":"max-video-preview:-1"},"canonical":"https:\/\/www.veroespresso.com\/fr\/produit\/italian-coffee-dek-decaf-copy\/","og_locale":"fr_FR","og_type":"article","og_title":"DEK Decaf - French - Vero Espresso","og_description":"Caf\u00e9 italien Dek Decaf \u2013 expresso d\u00e9caf\u00e9in\u00e9 onctueux avec une saveur italienne authentique.","og_url":"https:\/\/www.veroespresso.com\/fr\/produit\/italian-coffee-dek-decaf-copy\/","og_site_name":"Vero Espresso","article_publisher":"https:\/\/www.facebook.com\/veroespressoshop","article_modified_time":"2026-02-17T10:36:33+00:00","og_image":[{"width":1348,"height":2006,"url":"https:\/\/www.veroespresso.com\/wp-content\/uploads\/2025\/09\/deka-nes.png","type":"image\/png"}],"twitter_card":"summary_large_image","twitter_misc":{"Dur\u00e9e de lecture estim\u00e9e":"1 minute"},"schema":{"@context":"https:\/\/schema.org","@graph":[{"@type":"WebPage","@id":"https:\/\/www.veroespresso.com\/fr\/produit\/italian-coffee-dek-decaf-copy\/","url":"https:\/\/www.veroespresso.com\/fr\/produit\/italian-coffee-dek-decaf-copy\/","name":"DEK Decaf - French - Vero Espresso","isPartOf":{"@id":"https:\/\/www.veroespresso.com\/#website"},"primaryImageOfPage":{"@id":"https:\/\/www.veroespresso.com\/fr\/produit\/italian-coffee-dek-decaf-copy\/#primaryimage"},"image":{"@id":"https:\/\/www.veroespresso.com\/fr\/produit\/italian-coffee-dek-decaf-copy\/#primaryimage"},"thumbnailUrl":"https:\/\/www.veroespresso.com\/wp-content\/uploads\/2025\/09\/deka-nes.png","datePublished":"2025-09-26T21:47:57+00:00","dateModified":"2026-02-17T10:36:33+00:00","description":"Caf\u00e9 italien Dek Decaf \u2013 expresso d\u00e9caf\u00e9in\u00e9 onctueux avec une saveur italienne authentique.","breadcrumb":{"@id":"https:\/\/www.veroespresso.com\/fr\/produit\/italian-coffee-dek-decaf-copy\/#breadcrumb"},"inLanguage":"fr-FR","potentialAction":[{"@type":"ReadAction","target":["https:\/\/www.veroespresso.com\/fr\/produit\/italian-coffee-dek-decaf-copy\/"]}]},{"@type":"ImageObject","inLanguage":"fr-FR","@id":"https:\/\/www.veroespresso.com\/fr\/produit\/italian-coffee-dek-decaf-copy\/#primaryimage","url":"https:\/\/www.veroespresso.com\/wp-content\/uploads\/2025\/09\/deka-nes.png","contentUrl":"https:\/\/www.veroespresso.com\/wp-content\/uploads\/2025\/09\/deka-nes.png","width":1348,"height":2006,"caption":"dek nespresso regular"},{"@type":"BreadcrumbList","@id":"https:\/\/www.veroespresso.com\/fr\/produit\/italian-coffee-dek-decaf-copy\/#breadcrumb","itemListElement":[{"@type":"ListItem","position":1,"name":"Home","item":"https:\/\/www.veroespresso.com\/fr\/"},{"@type":"ListItem","position":2,"name":"Products","item":"https:\/\/www.veroespresso.com\/shop\/"},{"@type":"ListItem","position":3,"name":"DEK D\u00e9caf\u00e9in\u00e9 100 Capsules ordinaires"}]},{"@type":"WebSite","@id":"https:\/\/www.veroespresso.com\/#website","url":"https:\/\/www.veroespresso.com\/","name":"Vero Espresso","description":"Authentic Italian Flavor, One coffee Pod at a Time","publisher":{"@id":"https:\/\/www.veroespresso.com\/#organization"},"potentialAction":[{"@type":"SearchAction","target":{"@type":"EntryPoint","urlTemplate":"https:\/\/www.veroespresso.com\/?s={search_term_string}"},"query-input":{"@type":"PropertyValueSpecification","valueRequired":true,"valueName":"search_term_string"}}],"inLanguage":"fr-FR"},{"@type":"Organization","@id":"https:\/\/www.veroespresso.com\/#organization","name":"Vero Espresso","url":"https:\/\/www.veroespresso.com\/","logo":{"@type":"ImageObject","inLanguage":"fr-FR","@id":"https:\/\/www.veroespresso.com\/#\/schema\/logo\/image\/","url":"https:\/\/www.veroespresso.com\/wp-content\/uploads\/2025\/09\/512x512vero-espresso-logo-nuovook-copy-2.jpg","contentUrl":"https:\/\/www.veroespresso.com\/wp-content\/uploads\/2025\/09\/512x512vero-espresso-logo-nuovook-copy-2.jpg","width":512,"height":512,"caption":"Vero Espresso"},"image":{"@id":"https:\/\/www.veroespresso.com\/#\/schema\/logo\/image\/"},"sameAs":["https:\/\/www.facebook.com\/veroespressoshop","https:\/\/www.instagram.com\/veroespressoshop"]}]}},"_links":{"self":[{"href":"https:\/\/www.veroespresso.com\/fr\/wp-json\/wp\/v2\/product\/39179","targetHints":{"allow":["GET"]}}],"collection":[{"href":"https:\/\/www.veroespresso.com\/fr\/wp-json\/wp\/v2\/product"}],"about":[{"href":"https:\/\/www.veroespresso.com\/fr\/wp-json\/wp\/v2\/types\/product"}],"replies":[{"embeddable":true,"href":"https:\/\/www.veroespresso.com\/fr\/wp-json\/wp\/v2\/comments?post=39179"}],"wp:featuredmedia":[{"embeddable":true,"href":"https:\/\/www.veroespresso.com\/fr\/wp-json\/wp\/v2\/media\/39196"}],"wp:attachment":[{"href":"https:\/\/www.veroespresso.com\/fr\/wp-json\/wp\/v2\/media?parent=39179"}],"wp:term":[{"taxonomy":"product_brand","embeddable":true,"href":"https:\/\/www.veroespresso.com\/fr\/wp-json\/wp\/v2\/product_brand?post=39179"},{"taxonomy":"product_cat","embeddable":true,"href":"https:\/\/www.veroespresso.com\/fr\/wp-json\/wp\/v2\/product_cat?post=39179"},{"taxonomy":"product_tag","embeddable":true,"href":"https:\/\/www.veroespresso.com\/fr\/wp-json\/wp\/v2\/product_tag?post=39179"},{"taxonomy":"brand","embeddable":true,"href":"https:\/\/www.veroespresso.com\/fr\/wp-json\/wp\/v2\/brand?post=39179"}],"curies":[{"name":"wp","href":"https:\/\/api.w.org\/{rel}","templated":true}]}}