{"id":39336,"date":"2025-09-30T16:04:19","date_gmt":"2025-09-30T21:04:19","guid":{"rendered":"https:\/\/www.veroespresso.com\/?post_type=product&#038;p=39336"},"modified":"2026-02-17T05:36:34","modified_gmt":"2026-02-17T10:36:34","slug":"italian-coffee-masterpiece-sampler-copy","status":"publish","type":"product","link":"https:\/\/www.veroespresso.com\/fr\/produit\/italian-coffee-masterpiece-sampler-copy\/","title":{"rendered":"Assortiment de capsules de caf\u00e9 pour syst\u00e8me original, The Masterpiece 100 capsules"},"content":{"rendered":"<h4><strong>Marque : Caf\u00e9 italien pour les amateurs d&rsquo;espresso<\/strong><\/h4>\n<h4><strong>Quantit\u00e9 : 100 capsules &#8211; Aluminium (20 de chaque)<\/strong><\/h4>\n<h4><strong>Compatibilit\u00e9 : Nespresso Original Line<\/strong><\/h4>\n<h4><strong>Pr\u00e9sentation id\u00e9ale : Espresso 75 ml<\/strong><\/h4>\n<h4><strong>Intensit\u00e9 : Variable<\/strong><\/h4>\n<h4><strong>Niveau de torr\u00e9faction : Variable<\/strong><\/h4>\n<h4><strong>Capsules recyclables 100 % sans aluminium ni PVC, fabriqu\u00e9es avec du caf\u00e9 biologique certifi\u00e9 conforme aux exigences de l&rsquo;Union europ\u00e9enne !<\/strong><\/h4>\n<h4><strong>Le Michel-Ange : Intensit\u00e9 7\/10<\/strong><\/h4>\n<h4><strong>Le Monet : Intensit\u00e9 7\/10<\/strong><\/h4>\n<h4><strong>Le Picasso : Intensit\u00e9 8\/10<\/strong><\/h4>\n<h4><strong>Le Van Gogh : Intensit\u00e9 9\/10<\/strong><\/h4>\n<h4><strong>Le Mondrian : Intensit\u00e9 10\/10<\/strong><\/h4>\n<h4><\/h4>\n\n    <div class=\"xs_social_share_widget xs_share_url after_content \t\tmain_content  wslu-style-1 wslu-share-box-shaped wslu-fill-colored wslu-none wslu-share-horizontal wslu-theme-font-no wslu-main_content\">\n\n\t\t\n        <ul>\n\t\t\t        <\/ul>\n    <\/div> \n","protected":false},"excerpt":{"rendered":"<p>Marque : Caf\u00e9 italien pour les amateurs d&rsquo;espresso Quantit\u00e9 : 100 capsules &#8211; Aluminium (20 de chaque) Compatibilit\u00e9 : Nespresso Original Line Pr\u00e9sentation id\u00e9ale : Espresso 75 ml Intensit\u00e9 : Variable Niveau de torr\u00e9faction : Variable Capsules recyclables 100 % sans aluminium ni PVC, fabriqu\u00e9es avec du caf\u00e9 biologique certifi\u00e9 conforme aux exigences de l&rsquo;Union&hellip; <a class=\"more-link\" href=\"https:\/\/www.veroespresso.com\/fr\/produit\/italian-coffee-masterpiece-sampler-copy\/\">Continue reading <span class=\"screen-reader-text\">Assortiment de capsules de caf\u00e9 pour syst\u00e8me original, The Masterpiece 100 capsules<\/span><\/a><\/p>\n","protected":false},"featured_media":33914,"comment_status":"open","ping_status":"closed","template":"","meta":{"_acf_changed":false,"inline_featured_image":false},"product_brand":[],"product_cat":[79,63,76],"product_tag":[],"brand":[35],"class_list":{"0":"post-39336","1":"product","2":"type-product","3":"status-publish","4":"has-post-thumbnail","6":"product_cat-non-classe","7":"product_cat-nespresso-original-fr","8":"product_cat-subscriptions-fr","9":"brand-italian-coffee","10":"entry","12":"first","13":"instock","14":"shipping-taxable","15":"purchasable","16":"product-type-simple"},"acf":[],"yoast_head":"<!-- This site is optimized with the Yoast SEO plugin v27.3 - https:\/\/yoast.com\/product\/yoast-seo-wordpress\/ -->\n<title>Masterpiece Sampler - French - Vero Espresso<\/title>\n<meta name=\"description\" content=\"D\u00e9couvrez le coffret Masterpiece d&#039;Italian Coffee. Capsules en aluminium compatibles Nespresso\u00ae inspir\u00e9es des beaux-arts.\" \/>\n<meta name=\"robots\" content=\"index, follow, max-snippet:-1, max-image-preview:large, max-video-preview:-1\" \/>\n<link rel=\"canonical\" href=\"https:\/\/www.veroespresso.com\/fr\/produit\/italian-coffee-masterpiece-sampler-copy\/\" \/>\n<meta property=\"og:locale\" content=\"fr_FR\" \/>\n<meta property=\"og:type\" content=\"article\" \/>\n<meta property=\"og:title\" content=\"Masterpiece Sampler - French - Vero Espresso\" \/>\n<meta property=\"og:description\" content=\"D\u00e9couvrez le coffret Masterpiece d&#039;Italian Coffee. Capsules en aluminium compatibles Nespresso\u00ae inspir\u00e9es des beaux-arts.\" \/>\n<meta property=\"og:url\" content=\"https:\/\/www.veroespresso.com\/fr\/produit\/italian-coffee-masterpiece-sampler-copy\/\" \/>\n<meta property=\"og:site_name\" content=\"Vero Espresso\" \/>\n<meta property=\"article:publisher\" content=\"https:\/\/www.facebook.com\/veroespressoshop\" \/>\n<meta property=\"article:modified_time\" content=\"2026-02-17T10:36:34+00:00\" \/>\n<meta property=\"og:image\" content=\"https:\/\/www.veroespresso.com\/wp-content\/uploads\/2025\/02\/aluminum-pittori-sampler.png\" \/>\n\t<meta property=\"og:image:width\" content=\"1200\" \/>\n\t<meta property=\"og:image:height\" content=\"1200\" \/>\n\t<meta property=\"og:image:type\" content=\"image\/png\" \/>\n<meta name=\"twitter:card\" content=\"summary_large_image\" \/>\n<meta name=\"twitter:label1\" content=\"Dur\u00e9e de lecture estim\u00e9e\" \/>\n\t<meta name=\"twitter:data1\" content=\"1 minute\" \/>\n<script type=\"application\/ld+json\" class=\"yoast-schema-graph\">{\"@context\":\"https:\\\/\\\/schema.org\",\"@graph\":[{\"@type\":\"WebPage\",\"@id\":\"https:\\\/\\\/www.veroespresso.com\\\/fr\\\/produit\\\/italian-coffee-masterpiece-sampler-copy\\\/\",\"url\":\"https:\\\/\\\/www.veroespresso.com\\\/fr\\\/produit\\\/italian-coffee-masterpiece-sampler-copy\\\/\",\"name\":\"Masterpiece Sampler - French - Vero Espresso\",\"isPartOf\":{\"@id\":\"https:\\\/\\\/www.veroespresso.com\\\/#website\"},\"primaryImageOfPage\":{\"@id\":\"https:\\\/\\\/www.veroespresso.com\\\/fr\\\/produit\\\/italian-coffee-masterpiece-sampler-copy\\\/#primaryimage\"},\"image\":{\"@id\":\"https:\\\/\\\/www.veroespresso.com\\\/fr\\\/produit\\\/italian-coffee-masterpiece-sampler-copy\\\/#primaryimage\"},\"thumbnailUrl\":\"https:\\\/\\\/www.veroespresso.com\\\/wp-content\\\/uploads\\\/2025\\\/02\\\/aluminum-pittori-sampler.png\",\"datePublished\":\"2025-09-30T21:04:19+00:00\",\"dateModified\":\"2026-02-17T10:36:34+00:00\",\"description\":\"D\u00e9couvrez le coffret Masterpiece d'Italian Coffee. Capsules en aluminium compatibles Nespresso\u00ae inspir\u00e9es des beaux-arts.\",\"breadcrumb\":{\"@id\":\"https:\\\/\\\/www.veroespresso.com\\\/fr\\\/produit\\\/italian-coffee-masterpiece-sampler-copy\\\/#breadcrumb\"},\"inLanguage\":\"fr-FR\",\"potentialAction\":[{\"@type\":\"ReadAction\",\"target\":[\"https:\\\/\\\/www.veroespresso.com\\\/fr\\\/produit\\\/italian-coffee-masterpiece-sampler-copy\\\/\"]}]},{\"@type\":\"ImageObject\",\"inLanguage\":\"fr-FR\",\"@id\":\"https:\\\/\\\/www.veroespresso.com\\\/fr\\\/produit\\\/italian-coffee-masterpiece-sampler-copy\\\/#primaryimage\",\"url\":\"https:\\\/\\\/www.veroespresso.com\\\/wp-content\\\/uploads\\\/2025\\\/02\\\/aluminum-pittori-sampler.png\",\"contentUrl\":\"https:\\\/\\\/www.veroespresso.com\\\/wp-content\\\/uploads\\\/2025\\\/02\\\/aluminum-pittori-sampler.png\",\"width\":1200,\"height\":1200,\"caption\":\"Masterpiece Sampler 5 box\"},{\"@type\":\"BreadcrumbList\",\"@id\":\"https:\\\/\\\/www.veroespresso.com\\\/fr\\\/produit\\\/italian-coffee-masterpiece-sampler-copy\\\/#breadcrumb\",\"itemListElement\":[{\"@type\":\"ListItem\",\"position\":1,\"name\":\"Home\",\"item\":\"https:\\\/\\\/www.veroespresso.com\\\/fr\\\/\"},{\"@type\":\"ListItem\",\"position\":2,\"name\":\"Products\",\"item\":\"https:\\\/\\\/www.veroespresso.com\\\/shop\\\/\"},{\"@type\":\"ListItem\",\"position\":3,\"name\":\"Assortiment de capsules de caf\u00e9 pour syst\u00e8me original, The Masterpiece 100 capsules\"}]},{\"@type\":\"WebSite\",\"@id\":\"https:\\\/\\\/www.veroespresso.com\\\/#website\",\"url\":\"https:\\\/\\\/www.veroespresso.com\\\/\",\"name\":\"Vero Espresso\",\"description\":\"Authentic Italian Flavor, One coffee Pod at a Time\",\"publisher\":{\"@id\":\"https:\\\/\\\/www.veroespresso.com\\\/#organization\"},\"potentialAction\":[{\"@type\":\"SearchAction\",\"target\":{\"@type\":\"EntryPoint\",\"urlTemplate\":\"https:\\\/\\\/www.veroespresso.com\\\/?s={search_term_string}\"},\"query-input\":{\"@type\":\"PropertyValueSpecification\",\"valueRequired\":true,\"valueName\":\"search_term_string\"}}],\"inLanguage\":\"fr-FR\"},{\"@type\":\"Organization\",\"@id\":\"https:\\\/\\\/www.veroespresso.com\\\/#organization\",\"name\":\"Vero Espresso\",\"url\":\"https:\\\/\\\/www.veroespresso.com\\\/\",\"logo\":{\"@type\":\"ImageObject\",\"inLanguage\":\"fr-FR\",\"@id\":\"https:\\\/\\\/www.veroespresso.com\\\/#\\\/schema\\\/logo\\\/image\\\/\",\"url\":\"https:\\\/\\\/www.veroespresso.com\\\/wp-content\\\/uploads\\\/2025\\\/09\\\/512x512vero-espresso-logo-nuovook-copy-2.jpg\",\"contentUrl\":\"https:\\\/\\\/www.veroespresso.com\\\/wp-content\\\/uploads\\\/2025\\\/09\\\/512x512vero-espresso-logo-nuovook-copy-2.jpg\",\"width\":512,\"height\":512,\"caption\":\"Vero Espresso\"},\"image\":{\"@id\":\"https:\\\/\\\/www.veroespresso.com\\\/#\\\/schema\\\/logo\\\/image\\\/\"},\"sameAs\":[\"https:\\\/\\\/www.facebook.com\\\/veroespressoshop\",\"https:\\\/\\\/www.instagram.com\\\/veroespressoshop\"]}]}<\/script>\n<!-- \/ Yoast SEO plugin. -->","yoast_head_json":{"title":"Masterpiece Sampler - French - Vero Espresso","description":"D\u00e9couvrez le coffret Masterpiece d'Italian Coffee. Capsules en aluminium compatibles Nespresso\u00ae inspir\u00e9es des beaux-arts.","robots":{"index":"index","follow":"follow","max-snippet":"max-snippet:-1","max-image-preview":"max-image-preview:large","max-video-preview":"max-video-preview:-1"},"canonical":"https:\/\/www.veroespresso.com\/fr\/produit\/italian-coffee-masterpiece-sampler-copy\/","og_locale":"fr_FR","og_type":"article","og_title":"Masterpiece Sampler - French - Vero Espresso","og_description":"D\u00e9couvrez le coffret Masterpiece d'Italian Coffee. Capsules en aluminium compatibles Nespresso\u00ae inspir\u00e9es des beaux-arts.","og_url":"https:\/\/www.veroespresso.com\/fr\/produit\/italian-coffee-masterpiece-sampler-copy\/","og_site_name":"Vero Espresso","article_publisher":"https:\/\/www.facebook.com\/veroespressoshop","article_modified_time":"2026-02-17T10:36:34+00:00","og_image":[{"width":1200,"height":1200,"url":"https:\/\/www.veroespresso.com\/wp-content\/uploads\/2025\/02\/aluminum-pittori-sampler.png","type":"image\/png"}],"twitter_card":"summary_large_image","twitter_misc":{"Dur\u00e9e de lecture estim\u00e9e":"1 minute"},"schema":{"@context":"https:\/\/schema.org","@graph":[{"@type":"WebPage","@id":"https:\/\/www.veroespresso.com\/fr\/produit\/italian-coffee-masterpiece-sampler-copy\/","url":"https:\/\/www.veroespresso.com\/fr\/produit\/italian-coffee-masterpiece-sampler-copy\/","name":"Masterpiece Sampler - French - Vero Espresso","isPartOf":{"@id":"https:\/\/www.veroespresso.com\/#website"},"primaryImageOfPage":{"@id":"https:\/\/www.veroespresso.com\/fr\/produit\/italian-coffee-masterpiece-sampler-copy\/#primaryimage"},"image":{"@id":"https:\/\/www.veroespresso.com\/fr\/produit\/italian-coffee-masterpiece-sampler-copy\/#primaryimage"},"thumbnailUrl":"https:\/\/www.veroespresso.com\/wp-content\/uploads\/2025\/02\/aluminum-pittori-sampler.png","datePublished":"2025-09-30T21:04:19+00:00","dateModified":"2026-02-17T10:36:34+00:00","description":"D\u00e9couvrez le coffret Masterpiece d'Italian Coffee. Capsules en aluminium compatibles Nespresso\u00ae inspir\u00e9es des beaux-arts.","breadcrumb":{"@id":"https:\/\/www.veroespresso.com\/fr\/produit\/italian-coffee-masterpiece-sampler-copy\/#breadcrumb"},"inLanguage":"fr-FR","potentialAction":[{"@type":"ReadAction","target":["https:\/\/www.veroespresso.com\/fr\/produit\/italian-coffee-masterpiece-sampler-copy\/"]}]},{"@type":"ImageObject","inLanguage":"fr-FR","@id":"https:\/\/www.veroespresso.com\/fr\/produit\/italian-coffee-masterpiece-sampler-copy\/#primaryimage","url":"https:\/\/www.veroespresso.com\/wp-content\/uploads\/2025\/02\/aluminum-pittori-sampler.png","contentUrl":"https:\/\/www.veroespresso.com\/wp-content\/uploads\/2025\/02\/aluminum-pittori-sampler.png","width":1200,"height":1200,"caption":"Masterpiece Sampler 5 box"},{"@type":"BreadcrumbList","@id":"https:\/\/www.veroespresso.com\/fr\/produit\/italian-coffee-masterpiece-sampler-copy\/#breadcrumb","itemListElement":[{"@type":"ListItem","position":1,"name":"Home","item":"https:\/\/www.veroespresso.com\/fr\/"},{"@type":"ListItem","position":2,"name":"Products","item":"https:\/\/www.veroespresso.com\/shop\/"},{"@type":"ListItem","position":3,"name":"Assortiment de capsules de caf\u00e9 pour syst\u00e8me original, The Masterpiece 100 capsules"}]},{"@type":"WebSite","@id":"https:\/\/www.veroespresso.com\/#website","url":"https:\/\/www.veroespresso.com\/","name":"Vero Espresso","description":"Authentic Italian Flavor, One coffee Pod at a Time","publisher":{"@id":"https:\/\/www.veroespresso.com\/#organization"},"potentialAction":[{"@type":"SearchAction","target":{"@type":"EntryPoint","urlTemplate":"https:\/\/www.veroespresso.com\/?s={search_term_string}"},"query-input":{"@type":"PropertyValueSpecification","valueRequired":true,"valueName":"search_term_string"}}],"inLanguage":"fr-FR"},{"@type":"Organization","@id":"https:\/\/www.veroespresso.com\/#organization","name":"Vero Espresso","url":"https:\/\/www.veroespresso.com\/","logo":{"@type":"ImageObject","inLanguage":"fr-FR","@id":"https:\/\/www.veroespresso.com\/#\/schema\/logo\/image\/","url":"https:\/\/www.veroespresso.com\/wp-content\/uploads\/2025\/09\/512x512vero-espresso-logo-nuovook-copy-2.jpg","contentUrl":"https:\/\/www.veroespresso.com\/wp-content\/uploads\/2025\/09\/512x512vero-espresso-logo-nuovook-copy-2.jpg","width":512,"height":512,"caption":"Vero Espresso"},"image":{"@id":"https:\/\/www.veroespresso.com\/#\/schema\/logo\/image\/"},"sameAs":["https:\/\/www.facebook.com\/veroespressoshop","https:\/\/www.instagram.com\/veroespressoshop"]}]}},"_links":{"self":[{"href":"https:\/\/www.veroespresso.com\/fr\/wp-json\/wp\/v2\/product\/39336","targetHints":{"allow":["GET"]}}],"collection":[{"href":"https:\/\/www.veroespresso.com\/fr\/wp-json\/wp\/v2\/product"}],"about":[{"href":"https:\/\/www.veroespresso.com\/fr\/wp-json\/wp\/v2\/types\/product"}],"replies":[{"embeddable":true,"href":"https:\/\/www.veroespresso.com\/fr\/wp-json\/wp\/v2\/comments?post=39336"}],"wp:featuredmedia":[{"embeddable":true,"href":"https:\/\/www.veroespresso.com\/fr\/wp-json\/wp\/v2\/media\/33914"}],"wp:attachment":[{"href":"https:\/\/www.veroespresso.com\/fr\/wp-json\/wp\/v2\/media?parent=39336"}],"wp:term":[{"taxonomy":"product_brand","embeddable":true,"href":"https:\/\/www.veroespresso.com\/fr\/wp-json\/wp\/v2\/product_brand?post=39336"},{"taxonomy":"product_cat","embeddable":true,"href":"https:\/\/www.veroespresso.com\/fr\/wp-json\/wp\/v2\/product_cat?post=39336"},{"taxonomy":"product_tag","embeddable":true,"href":"https:\/\/www.veroespresso.com\/fr\/wp-json\/wp\/v2\/product_tag?post=39336"},{"taxonomy":"brand","embeddable":true,"href":"https:\/\/www.veroespresso.com\/fr\/wp-json\/wp\/v2\/brand?post=39336"}],"curies":[{"name":"wp","href":"https:\/\/api.w.org\/{rel}","templated":true}]}}