{"id":39998,"date":"2025-10-06T16:38:21","date_gmt":"2025-10-06T21:38:21","guid":{"rendered":"https:\/\/www.veroespresso.com\/?post_type=product&#038;p=39998"},"modified":"2026-01-14T13:07:34","modified_gmt":"2026-01-14T18:07:34","slug":"italian-coffee-aluminium-y2999-copy","status":"publish","type":"product","link":"https:\/\/www.veroespresso.com\/fr\/produit\/italian-coffee-aluminium-y2999-copy\/","title":{"rendered":"Y2999 &#8211; 100 capsules en aluminium"},"content":{"rendered":"<h4><strong>Marque\u00a0: Caf\u00e9 italien pour les amateurs d&rsquo;espresso<\/strong><\/h4>\n<h4><strong>Quantit\u00e9 : 100 capsules &#8211; Aluminium<\/strong><\/h4>\n<h4><strong>Compatibilit\u00e9\u00a0: Gamme Nespresso Original<\/strong><\/h4>\n<h4><strong>\u00c0 d\u00e9guster de pr\u00e9f\u00e9rence en\u00a0: Espresso 75\u00a0ml<\/strong><\/h4>\n<h4><strong>Intensit\u00e9\u00a0: 9\/10<\/strong><\/h4>\n<h4><strong>Torr\u00e9faction\u00a0: Napolitaine (torr\u00e9faction fonc\u00e9e)<\/strong><\/h4>\n<h4><strong>Le tout premier m\u00e9lange de caf\u00e9 co-cr\u00e9\u00e9 avec l\u2019IA. Un v\u00e9ritable pas en avant vers l&rsquo;avenir, alliant technologie et tradition pour cr\u00e9er un produit v\u00e9ritablement unique. Chaque grain est soigneusement s\u00e9lectionn\u00e9 et calibr\u00e9 pour un \u00e9quilibre parfait entre ar\u00f4me, corps et acidit\u00e9. Des analyses pouss\u00e9es et d&rsquo;innombrables simulations ont fa\u00e7onn\u00e9 un profil aromatique r\u00e9volutionnaire, sublimant les notes aromatiques pour un voyage sensoriel exceptionnel\u00a0!<\/strong><\/h4>\n\n    <div class=\"xs_social_share_widget xs_share_url after_content \t\tmain_content  wslu-style-1 wslu-share-box-shaped wslu-fill-colored wslu-none wslu-share-horizontal wslu-theme-font-no wslu-main_content\">\n\n\t\t\n        <ul>\n\t\t\t        <\/ul>\n    <\/div> \n","protected":false},"excerpt":{"rendered":"<p>Marque\u00a0: Caf\u00e9 italien pour les amateurs d&rsquo;espresso Quantit\u00e9 : 100 capsules &#8211; Aluminium Compatibilit\u00e9\u00a0: Gamme Nespresso Original \u00c0 d\u00e9guster de pr\u00e9f\u00e9rence en\u00a0: Espresso 75\u00a0ml Intensit\u00e9\u00a0: 9\/10 Torr\u00e9faction\u00a0: Napolitaine (torr\u00e9faction fonc\u00e9e) Le tout premier m\u00e9lange de caf\u00e9 co-cr\u00e9\u00e9 avec l\u2019IA. Un v\u00e9ritable pas en avant vers l&rsquo;avenir, alliant technologie et tradition pour cr\u00e9er un produit v\u00e9ritablement&hellip; <a class=\"more-link\" href=\"https:\/\/www.veroespresso.com\/fr\/produit\/italian-coffee-aluminium-y2999-copy\/\">Continue reading <span class=\"screen-reader-text\">Y2999 &#8211; 100 capsules en aluminium<\/span><\/a><\/p>\n","protected":false},"featured_media":40012,"comment_status":"open","ping_status":"closed","template":"","meta":{"_acf_changed":false,"inline_featured_image":false},"product_brand":[],"product_cat":[63,76],"product_tag":[],"brand":[],"class_list":{"0":"post-39998","1":"product","2":"type-product","3":"status-publish","4":"has-post-thumbnail","6":"product_cat-nespresso-original-fr","7":"product_cat-subscriptions-fr","8":"entry","10":"first","11":"instock","12":"sale","13":"shipping-taxable","14":"purchasable","15":"product-type-simple"},"acf":[],"yoast_head":"<!-- This site is optimized with the Yoast SEO plugin v27.3 - https:\/\/yoast.com\/product\/yoast-seo-wordpress\/ -->\n<title>Aluminium Y2999 - French - Vero Espresso<\/title>\n<meta name=\"description\" content=\"Caf\u00e9 italien aluminium Y2999 \u2013 m\u00e9lange espresso classique avec une riche saveur italienne dans chaque tasse.\" \/>\n<meta name=\"robots\" content=\"index, follow, max-snippet:-1, max-image-preview:large, max-video-preview:-1\" \/>\n<link rel=\"canonical\" href=\"https:\/\/www.veroespresso.com\/fr\/produit\/italian-coffee-aluminium-y2999-copy\/\" \/>\n<meta property=\"og:locale\" content=\"fr_FR\" \/>\n<meta property=\"og:type\" content=\"article\" \/>\n<meta property=\"og:title\" content=\"Aluminium Y2999 - French - Vero Espresso\" \/>\n<meta property=\"og:description\" content=\"Caf\u00e9 italien aluminium Y2999 \u2013 m\u00e9lange espresso classique avec une riche saveur italienne dans chaque tasse.\" \/>\n<meta property=\"og:url\" content=\"https:\/\/www.veroespresso.com\/fr\/produit\/italian-coffee-aluminium-y2999-copy\/\" \/>\n<meta property=\"og:site_name\" content=\"Vero Espresso\" \/>\n<meta property=\"article:publisher\" content=\"https:\/\/www.facebook.com\/veroespressoshop\" \/>\n<meta property=\"article:modified_time\" content=\"2026-01-14T18:07:34+00:00\" \/>\n<meta property=\"og:image\" content=\"https:\/\/www.veroespresso.com\/wp-content\/uploads\/2025\/10\/ai-alu-nes.png\" \/>\n\t<meta property=\"og:image:width\" content=\"2530\" \/>\n\t<meta property=\"og:image:height\" content=\"2530\" \/>\n\t<meta property=\"og:image:type\" content=\"image\/png\" \/>\n<meta name=\"twitter:card\" content=\"summary_large_image\" \/>\n<meta name=\"twitter:label1\" content=\"Dur\u00e9e de lecture estim\u00e9e\" \/>\n\t<meta name=\"twitter:data1\" content=\"1 minute\" \/>\n<script type=\"application\/ld+json\" class=\"yoast-schema-graph\">{\"@context\":\"https:\\\/\\\/schema.org\",\"@graph\":[{\"@type\":\"WebPage\",\"@id\":\"https:\\\/\\\/www.veroespresso.com\\\/fr\\\/produit\\\/italian-coffee-aluminium-y2999-copy\\\/\",\"url\":\"https:\\\/\\\/www.veroespresso.com\\\/fr\\\/produit\\\/italian-coffee-aluminium-y2999-copy\\\/\",\"name\":\"Aluminium Y2999 - French - Vero Espresso\",\"isPartOf\":{\"@id\":\"https:\\\/\\\/www.veroespresso.com\\\/#website\"},\"primaryImageOfPage\":{\"@id\":\"https:\\\/\\\/www.veroespresso.com\\\/fr\\\/produit\\\/italian-coffee-aluminium-y2999-copy\\\/#primaryimage\"},\"image\":{\"@id\":\"https:\\\/\\\/www.veroespresso.com\\\/fr\\\/produit\\\/italian-coffee-aluminium-y2999-copy\\\/#primaryimage\"},\"thumbnailUrl\":\"https:\\\/\\\/www.veroespresso.com\\\/wp-content\\\/uploads\\\/2025\\\/10\\\/ai-alu-nes.png\",\"datePublished\":\"2025-10-06T21:38:21+00:00\",\"dateModified\":\"2026-01-14T18:07:34+00:00\",\"description\":\"Caf\u00e9 italien aluminium Y2999 \u2013 m\u00e9lange espresso classique avec une riche saveur italienne dans chaque tasse.\",\"breadcrumb\":{\"@id\":\"https:\\\/\\\/www.veroespresso.com\\\/fr\\\/produit\\\/italian-coffee-aluminium-y2999-copy\\\/#breadcrumb\"},\"inLanguage\":\"fr-FR\",\"potentialAction\":[{\"@type\":\"ReadAction\",\"target\":[\"https:\\\/\\\/www.veroespresso.com\\\/fr\\\/produit\\\/italian-coffee-aluminium-y2999-copy\\\/\"]}]},{\"@type\":\"ImageObject\",\"inLanguage\":\"fr-FR\",\"@id\":\"https:\\\/\\\/www.veroespresso.com\\\/fr\\\/produit\\\/italian-coffee-aluminium-y2999-copy\\\/#primaryimage\",\"url\":\"https:\\\/\\\/www.veroespresso.com\\\/wp-content\\\/uploads\\\/2025\\\/10\\\/ai-alu-nes.png\",\"contentUrl\":\"https:\\\/\\\/www.veroespresso.com\\\/wp-content\\\/uploads\\\/2025\\\/10\\\/ai-alu-nes.png\",\"width\":2530,\"height\":2530,\"caption\":\"y2999 ai coffee for nespresso\"},{\"@type\":\"BreadcrumbList\",\"@id\":\"https:\\\/\\\/www.veroespresso.com\\\/fr\\\/produit\\\/italian-coffee-aluminium-y2999-copy\\\/#breadcrumb\",\"itemListElement\":[{\"@type\":\"ListItem\",\"position\":1,\"name\":\"Home\",\"item\":\"https:\\\/\\\/www.veroespresso.com\\\/fr\\\/\"},{\"@type\":\"ListItem\",\"position\":2,\"name\":\"Products\",\"item\":\"https:\\\/\\\/www.veroespresso.com\\\/shop\\\/\"},{\"@type\":\"ListItem\",\"position\":3,\"name\":\"Y2999 &#8211; 100 capsules en aluminium\"}]},{\"@type\":\"WebSite\",\"@id\":\"https:\\\/\\\/www.veroespresso.com\\\/#website\",\"url\":\"https:\\\/\\\/www.veroespresso.com\\\/\",\"name\":\"Vero Espresso\",\"description\":\"Authentic Italian Flavor, One coffee Pod at a Time\",\"publisher\":{\"@id\":\"https:\\\/\\\/www.veroespresso.com\\\/#organization\"},\"potentialAction\":[{\"@type\":\"SearchAction\",\"target\":{\"@type\":\"EntryPoint\",\"urlTemplate\":\"https:\\\/\\\/www.veroespresso.com\\\/?s={search_term_string}\"},\"query-input\":{\"@type\":\"PropertyValueSpecification\",\"valueRequired\":true,\"valueName\":\"search_term_string\"}}],\"inLanguage\":\"fr-FR\"},{\"@type\":\"Organization\",\"@id\":\"https:\\\/\\\/www.veroespresso.com\\\/#organization\",\"name\":\"Vero Espresso\",\"url\":\"https:\\\/\\\/www.veroespresso.com\\\/\",\"logo\":{\"@type\":\"ImageObject\",\"inLanguage\":\"fr-FR\",\"@id\":\"https:\\\/\\\/www.veroespresso.com\\\/#\\\/schema\\\/logo\\\/image\\\/\",\"url\":\"https:\\\/\\\/www.veroespresso.com\\\/wp-content\\\/uploads\\\/2025\\\/09\\\/512x512vero-espresso-logo-nuovook-copy-2.jpg\",\"contentUrl\":\"https:\\\/\\\/www.veroespresso.com\\\/wp-content\\\/uploads\\\/2025\\\/09\\\/512x512vero-espresso-logo-nuovook-copy-2.jpg\",\"width\":512,\"height\":512,\"caption\":\"Vero Espresso\"},\"image\":{\"@id\":\"https:\\\/\\\/www.veroespresso.com\\\/#\\\/schema\\\/logo\\\/image\\\/\"},\"sameAs\":[\"https:\\\/\\\/www.facebook.com\\\/veroespressoshop\",\"https:\\\/\\\/www.instagram.com\\\/veroespressoshop\"]}]}<\/script>\n<!-- \/ Yoast SEO plugin. -->","yoast_head_json":{"title":"Aluminium Y2999 - French - Vero Espresso","description":"Caf\u00e9 italien aluminium Y2999 \u2013 m\u00e9lange espresso classique avec une riche saveur italienne dans chaque tasse.","robots":{"index":"index","follow":"follow","max-snippet":"max-snippet:-1","max-image-preview":"max-image-preview:large","max-video-preview":"max-video-preview:-1"},"canonical":"https:\/\/www.veroespresso.com\/fr\/produit\/italian-coffee-aluminium-y2999-copy\/","og_locale":"fr_FR","og_type":"article","og_title":"Aluminium Y2999 - French - Vero Espresso","og_description":"Caf\u00e9 italien aluminium Y2999 \u2013 m\u00e9lange espresso classique avec une riche saveur italienne dans chaque tasse.","og_url":"https:\/\/www.veroespresso.com\/fr\/produit\/italian-coffee-aluminium-y2999-copy\/","og_site_name":"Vero Espresso","article_publisher":"https:\/\/www.facebook.com\/veroespressoshop","article_modified_time":"2026-01-14T18:07:34+00:00","og_image":[{"width":2530,"height":2530,"url":"https:\/\/www.veroespresso.com\/wp-content\/uploads\/2025\/10\/ai-alu-nes.png","type":"image\/png"}],"twitter_card":"summary_large_image","twitter_misc":{"Dur\u00e9e de lecture estim\u00e9e":"1 minute"},"schema":{"@context":"https:\/\/schema.org","@graph":[{"@type":"WebPage","@id":"https:\/\/www.veroespresso.com\/fr\/produit\/italian-coffee-aluminium-y2999-copy\/","url":"https:\/\/www.veroespresso.com\/fr\/produit\/italian-coffee-aluminium-y2999-copy\/","name":"Aluminium Y2999 - French - Vero Espresso","isPartOf":{"@id":"https:\/\/www.veroespresso.com\/#website"},"primaryImageOfPage":{"@id":"https:\/\/www.veroespresso.com\/fr\/produit\/italian-coffee-aluminium-y2999-copy\/#primaryimage"},"image":{"@id":"https:\/\/www.veroespresso.com\/fr\/produit\/italian-coffee-aluminium-y2999-copy\/#primaryimage"},"thumbnailUrl":"https:\/\/www.veroespresso.com\/wp-content\/uploads\/2025\/10\/ai-alu-nes.png","datePublished":"2025-10-06T21:38:21+00:00","dateModified":"2026-01-14T18:07:34+00:00","description":"Caf\u00e9 italien aluminium Y2999 \u2013 m\u00e9lange espresso classique avec une riche saveur italienne dans chaque tasse.","breadcrumb":{"@id":"https:\/\/www.veroespresso.com\/fr\/produit\/italian-coffee-aluminium-y2999-copy\/#breadcrumb"},"inLanguage":"fr-FR","potentialAction":[{"@type":"ReadAction","target":["https:\/\/www.veroespresso.com\/fr\/produit\/italian-coffee-aluminium-y2999-copy\/"]}]},{"@type":"ImageObject","inLanguage":"fr-FR","@id":"https:\/\/www.veroespresso.com\/fr\/produit\/italian-coffee-aluminium-y2999-copy\/#primaryimage","url":"https:\/\/www.veroespresso.com\/wp-content\/uploads\/2025\/10\/ai-alu-nes.png","contentUrl":"https:\/\/www.veroespresso.com\/wp-content\/uploads\/2025\/10\/ai-alu-nes.png","width":2530,"height":2530,"caption":"y2999 ai coffee for nespresso"},{"@type":"BreadcrumbList","@id":"https:\/\/www.veroespresso.com\/fr\/produit\/italian-coffee-aluminium-y2999-copy\/#breadcrumb","itemListElement":[{"@type":"ListItem","position":1,"name":"Home","item":"https:\/\/www.veroespresso.com\/fr\/"},{"@type":"ListItem","position":2,"name":"Products","item":"https:\/\/www.veroespresso.com\/shop\/"},{"@type":"ListItem","position":3,"name":"Y2999 &#8211; 100 capsules en aluminium"}]},{"@type":"WebSite","@id":"https:\/\/www.veroespresso.com\/#website","url":"https:\/\/www.veroespresso.com\/","name":"Vero Espresso","description":"Authentic Italian Flavor, One coffee Pod at a Time","publisher":{"@id":"https:\/\/www.veroespresso.com\/#organization"},"potentialAction":[{"@type":"SearchAction","target":{"@type":"EntryPoint","urlTemplate":"https:\/\/www.veroespresso.com\/?s={search_term_string}"},"query-input":{"@type":"PropertyValueSpecification","valueRequired":true,"valueName":"search_term_string"}}],"inLanguage":"fr-FR"},{"@type":"Organization","@id":"https:\/\/www.veroespresso.com\/#organization","name":"Vero Espresso","url":"https:\/\/www.veroespresso.com\/","logo":{"@type":"ImageObject","inLanguage":"fr-FR","@id":"https:\/\/www.veroespresso.com\/#\/schema\/logo\/image\/","url":"https:\/\/www.veroespresso.com\/wp-content\/uploads\/2025\/09\/512x512vero-espresso-logo-nuovook-copy-2.jpg","contentUrl":"https:\/\/www.veroespresso.com\/wp-content\/uploads\/2025\/09\/512x512vero-espresso-logo-nuovook-copy-2.jpg","width":512,"height":512,"caption":"Vero Espresso"},"image":{"@id":"https:\/\/www.veroespresso.com\/#\/schema\/logo\/image\/"},"sameAs":["https:\/\/www.facebook.com\/veroespressoshop","https:\/\/www.instagram.com\/veroespressoshop"]}]}},"_links":{"self":[{"href":"https:\/\/www.veroespresso.com\/fr\/wp-json\/wp\/v2\/product\/39998","targetHints":{"allow":["GET"]}}],"collection":[{"href":"https:\/\/www.veroespresso.com\/fr\/wp-json\/wp\/v2\/product"}],"about":[{"href":"https:\/\/www.veroespresso.com\/fr\/wp-json\/wp\/v2\/types\/product"}],"replies":[{"embeddable":true,"href":"https:\/\/www.veroespresso.com\/fr\/wp-json\/wp\/v2\/comments?post=39998"}],"wp:featuredmedia":[{"embeddable":true,"href":"https:\/\/www.veroespresso.com\/fr\/wp-json\/wp\/v2\/media\/40012"}],"wp:attachment":[{"href":"https:\/\/www.veroespresso.com\/fr\/wp-json\/wp\/v2\/media?parent=39998"}],"wp:term":[{"taxonomy":"product_brand","embeddable":true,"href":"https:\/\/www.veroespresso.com\/fr\/wp-json\/wp\/v2\/product_brand?post=39998"},{"taxonomy":"product_cat","embeddable":true,"href":"https:\/\/www.veroespresso.com\/fr\/wp-json\/wp\/v2\/product_cat?post=39998"},{"taxonomy":"product_tag","embeddable":true,"href":"https:\/\/www.veroespresso.com\/fr\/wp-json\/wp\/v2\/product_tag?post=39998"},{"taxonomy":"brand","embeddable":true,"href":"https:\/\/www.veroespresso.com\/fr\/wp-json\/wp\/v2\/brand?post=39998"}],"curies":[{"name":"wp","href":"https:\/\/api.w.org\/{rel}","templated":true}]}}