{"id":40448,"date":"2025-10-09T12:57:20","date_gmt":"2025-10-09T17:57:20","guid":{"rendered":"https:\/\/www.veroespresso.com\/?post_type=product&#038;p=40448"},"modified":"2026-01-14T12:09:53","modified_gmt":"2026-01-14T17:09:53","slug":"italian-coffee-arabica","status":"publish","type":"product","link":"https:\/\/www.veroespresso.com\/fr\/produit\/italian-coffee-arabica\/","title":{"rendered":"Arabica 100 capsules ordinaires"},"content":{"rendered":"<h4><strong>Disponible exclusivement chez Vero Espresso!\u00a0<\/strong><\/h4>\n<h4>Marque: Italian Coffee for Espresso Lovers<\/h4>\n<h4>Quantit\u00e9 : 100 capsules standard<\/h4>\n<h4>Compatibilit\u00e9 : Syst\u00e8me Nespresso Original Line<\/h4>\n<h4>Id\u00e9al pour : Espresso (75 ml) ou Lungo (120 ml)<\/h4>\n<h4>Intensit\u00e9 : 7\/10<\/h4>\n<h4>Torr\u00e9faction : Espresso (moyenne)<\/h4>\n<h4><span class=\"jCAhz ChMk0b\"><span class=\"ryNqvb\">Sublimez votre exp\u00e9rience caf\u00e9 avec notre m\u00e9lange d&rsquo;Arabica soigneusement \u00e9labor\u00e9.<\/span><\/span> <span class=\"jCAhz ChMk0b\"><span class=\"ryNqvb\">Savourez les notes douces et aromatiques issues de grains 100 % Arabica s\u00e9lectionn\u00e9s avec soin<\/span><\/span><\/h4>\n\n    <div class=\"xs_social_share_widget xs_share_url after_content \t\tmain_content  wslu-style-1 wslu-share-box-shaped wslu-fill-colored wslu-none wslu-share-horizontal wslu-theme-font-no wslu-main_content\">\n\n\t\t\n        <ul>\n\t\t\t        <\/ul>\n    <\/div> \n","protected":false},"excerpt":{"rendered":"<p>Disponible exclusivement chez Vero Espresso!\u00a0 Marque: Italian Coffee for Espresso Lovers Quantit\u00e9 : 100 capsules standard Compatibilit\u00e9 : Syst\u00e8me Nespresso Original Line Id\u00e9al pour : Espresso (75 ml) ou Lungo (120 ml) Intensit\u00e9 : 7\/10 Torr\u00e9faction : Espresso (moyenne) Sublimez votre exp\u00e9rience caf\u00e9 avec notre m\u00e9lange d&rsquo;Arabica soigneusement \u00e9labor\u00e9. Savourez les notes douces et aromatiques&hellip; <a class=\"more-link\" href=\"https:\/\/www.veroespresso.com\/fr\/produit\/italian-coffee-arabica\/\">Continue reading <span class=\"screen-reader-text\">Arabica 100 capsules ordinaires<\/span><\/a><\/p>\n","protected":false},"featured_media":40477,"comment_status":"open","ping_status":"closed","template":"","meta":{"_acf_changed":false,"inline_featured_image":false},"product_brand":[],"product_cat":[63,76],"product_tag":[],"brand":[35],"class_list":{"0":"post-40448","1":"product","2":"type-product","3":"status-publish","4":"has-post-thumbnail","6":"product_cat-nespresso-original-fr","7":"product_cat-subscriptions-fr","8":"brand-italian-coffee","9":"entry","11":"first","12":"instock","13":"shipping-taxable","14":"purchasable","15":"product-type-simple"},"acf":[],"yoast_head":"<!-- This site is optimized with the Yoast SEO plugin v27.3 - https:\/\/yoast.com\/product\/yoast-seo-wordpress\/ -->\n<title>Arabica 100 capsules ordinaires - Vero Espresso<\/title>\n<meta name=\"description\" content=\"Try Italian Coffee Arabica capsules for smooth, balanced espresso flavor. Nespresso\u00ae compatible pods crafted for true coffee lovers.\" \/>\n<meta name=\"robots\" content=\"index, follow, max-snippet:-1, max-image-preview:large, max-video-preview:-1\" \/>\n<link rel=\"canonical\" href=\"https:\/\/www.veroespresso.com\/fr\/produit\/italian-coffee-arabica\/\" \/>\n<meta property=\"og:locale\" content=\"fr_FR\" \/>\n<meta property=\"og:type\" content=\"article\" \/>\n<meta property=\"og:title\" content=\"Arabica 100 capsules ordinaires - Vero Espresso\" \/>\n<meta property=\"og:description\" content=\"Try Italian Coffee Arabica capsules for smooth, balanced espresso flavor. Nespresso\u00ae compatible pods crafted for true coffee lovers.\" \/>\n<meta property=\"og:url\" content=\"https:\/\/www.veroespresso.com\/fr\/produit\/italian-coffee-arabica\/\" \/>\n<meta property=\"og:site_name\" content=\"Vero Espresso\" \/>\n<meta property=\"article:publisher\" content=\"https:\/\/www.facebook.com\/veroespressoshop\" \/>\n<meta property=\"article:modified_time\" content=\"2026-01-14T17:09:53+00:00\" \/>\n<meta property=\"og:image\" content=\"https:\/\/www.veroespresso.com\/wp-content\/uploads\/2025\/10\/arabica-nes.png\" \/>\n\t<meta property=\"og:image:width\" content=\"1351\" \/>\n\t<meta property=\"og:image:height\" content=\"2033\" \/>\n\t<meta property=\"og:image:type\" content=\"image\/png\" \/>\n<meta name=\"twitter:card\" content=\"summary_large_image\" \/>\n<meta name=\"twitter:label1\" content=\"Dur\u00e9e de lecture estim\u00e9e\" \/>\n\t<meta name=\"twitter:data1\" content=\"1 minute\" \/>\n<script type=\"application\/ld+json\" class=\"yoast-schema-graph\">{\"@context\":\"https:\\\/\\\/schema.org\",\"@graph\":[{\"@type\":\"WebPage\",\"@id\":\"https:\\\/\\\/www.veroespresso.com\\\/fr\\\/produit\\\/italian-coffee-arabica\\\/\",\"url\":\"https:\\\/\\\/www.veroespresso.com\\\/fr\\\/produit\\\/italian-coffee-arabica\\\/\",\"name\":\"Arabica 100 capsules ordinaires - Vero Espresso\",\"isPartOf\":{\"@id\":\"https:\\\/\\\/www.veroespresso.com\\\/#website\"},\"primaryImageOfPage\":{\"@id\":\"https:\\\/\\\/www.veroespresso.com\\\/fr\\\/produit\\\/italian-coffee-arabica\\\/#primaryimage\"},\"image\":{\"@id\":\"https:\\\/\\\/www.veroespresso.com\\\/fr\\\/produit\\\/italian-coffee-arabica\\\/#primaryimage\"},\"thumbnailUrl\":\"https:\\\/\\\/www.veroespresso.com\\\/wp-content\\\/uploads\\\/2025\\\/10\\\/arabica-nes.png\",\"datePublished\":\"2025-10-09T17:57:20+00:00\",\"dateModified\":\"2026-01-14T17:09:53+00:00\",\"description\":\"Try Italian Coffee Arabica capsules for smooth, balanced espresso flavor. Nespresso\u00ae compatible pods crafted for true coffee lovers.\",\"breadcrumb\":{\"@id\":\"https:\\\/\\\/www.veroespresso.com\\\/fr\\\/produit\\\/italian-coffee-arabica\\\/#breadcrumb\"},\"inLanguage\":\"fr-FR\",\"potentialAction\":[{\"@type\":\"ReadAction\",\"target\":[\"https:\\\/\\\/www.veroespresso.com\\\/fr\\\/produit\\\/italian-coffee-arabica\\\/\"]}]},{\"@type\":\"ImageObject\",\"inLanguage\":\"fr-FR\",\"@id\":\"https:\\\/\\\/www.veroespresso.com\\\/fr\\\/produit\\\/italian-coffee-arabica\\\/#primaryimage\",\"url\":\"https:\\\/\\\/www.veroespresso.com\\\/wp-content\\\/uploads\\\/2025\\\/10\\\/arabica-nes.png\",\"contentUrl\":\"https:\\\/\\\/www.veroespresso.com\\\/wp-content\\\/uploads\\\/2025\\\/10\\\/arabica-nes.png\",\"width\":1351,\"height\":2033,\"caption\":\"arabica for nespresso\"},{\"@type\":\"BreadcrumbList\",\"@id\":\"https:\\\/\\\/www.veroespresso.com\\\/fr\\\/produit\\\/italian-coffee-arabica\\\/#breadcrumb\",\"itemListElement\":[{\"@type\":\"ListItem\",\"position\":1,\"name\":\"Home\",\"item\":\"https:\\\/\\\/www.veroespresso.com\\\/fr\\\/\"},{\"@type\":\"ListItem\",\"position\":2,\"name\":\"Products\",\"item\":\"https:\\\/\\\/www.veroespresso.com\\\/shop\\\/\"},{\"@type\":\"ListItem\",\"position\":3,\"name\":\"Arabica 100 capsules ordinaires\"}]},{\"@type\":\"WebSite\",\"@id\":\"https:\\\/\\\/www.veroespresso.com\\\/#website\",\"url\":\"https:\\\/\\\/www.veroespresso.com\\\/\",\"name\":\"Vero Espresso\",\"description\":\"Authentic Italian Flavor, One coffee Pod at a Time\",\"publisher\":{\"@id\":\"https:\\\/\\\/www.veroespresso.com\\\/#organization\"},\"potentialAction\":[{\"@type\":\"SearchAction\",\"target\":{\"@type\":\"EntryPoint\",\"urlTemplate\":\"https:\\\/\\\/www.veroespresso.com\\\/?s={search_term_string}\"},\"query-input\":{\"@type\":\"PropertyValueSpecification\",\"valueRequired\":true,\"valueName\":\"search_term_string\"}}],\"inLanguage\":\"fr-FR\"},{\"@type\":\"Organization\",\"@id\":\"https:\\\/\\\/www.veroespresso.com\\\/#organization\",\"name\":\"Vero Espresso\",\"url\":\"https:\\\/\\\/www.veroespresso.com\\\/\",\"logo\":{\"@type\":\"ImageObject\",\"inLanguage\":\"fr-FR\",\"@id\":\"https:\\\/\\\/www.veroespresso.com\\\/#\\\/schema\\\/logo\\\/image\\\/\",\"url\":\"https:\\\/\\\/www.veroespresso.com\\\/wp-content\\\/uploads\\\/2025\\\/09\\\/512x512vero-espresso-logo-nuovook-copy-2.jpg\",\"contentUrl\":\"https:\\\/\\\/www.veroespresso.com\\\/wp-content\\\/uploads\\\/2025\\\/09\\\/512x512vero-espresso-logo-nuovook-copy-2.jpg\",\"width\":512,\"height\":512,\"caption\":\"Vero Espresso\"},\"image\":{\"@id\":\"https:\\\/\\\/www.veroespresso.com\\\/#\\\/schema\\\/logo\\\/image\\\/\"},\"sameAs\":[\"https:\\\/\\\/www.facebook.com\\\/veroespressoshop\",\"https:\\\/\\\/www.instagram.com\\\/veroespressoshop\"]}]}<\/script>\n<!-- \/ Yoast SEO plugin. -->","yoast_head_json":{"title":"Arabica 100 capsules ordinaires - Vero Espresso","description":"Try Italian Coffee Arabica capsules for smooth, balanced espresso flavor. Nespresso\u00ae compatible pods crafted for true coffee lovers.","robots":{"index":"index","follow":"follow","max-snippet":"max-snippet:-1","max-image-preview":"max-image-preview:large","max-video-preview":"max-video-preview:-1"},"canonical":"https:\/\/www.veroespresso.com\/fr\/produit\/italian-coffee-arabica\/","og_locale":"fr_FR","og_type":"article","og_title":"Arabica 100 capsules ordinaires - Vero Espresso","og_description":"Try Italian Coffee Arabica capsules for smooth, balanced espresso flavor. Nespresso\u00ae compatible pods crafted for true coffee lovers.","og_url":"https:\/\/www.veroespresso.com\/fr\/produit\/italian-coffee-arabica\/","og_site_name":"Vero Espresso","article_publisher":"https:\/\/www.facebook.com\/veroespressoshop","article_modified_time":"2026-01-14T17:09:53+00:00","og_image":[{"width":1351,"height":2033,"url":"https:\/\/www.veroespresso.com\/wp-content\/uploads\/2025\/10\/arabica-nes.png","type":"image\/png"}],"twitter_card":"summary_large_image","twitter_misc":{"Dur\u00e9e de lecture estim\u00e9e":"1 minute"},"schema":{"@context":"https:\/\/schema.org","@graph":[{"@type":"WebPage","@id":"https:\/\/www.veroespresso.com\/fr\/produit\/italian-coffee-arabica\/","url":"https:\/\/www.veroespresso.com\/fr\/produit\/italian-coffee-arabica\/","name":"Arabica 100 capsules ordinaires - Vero Espresso","isPartOf":{"@id":"https:\/\/www.veroespresso.com\/#website"},"primaryImageOfPage":{"@id":"https:\/\/www.veroespresso.com\/fr\/produit\/italian-coffee-arabica\/#primaryimage"},"image":{"@id":"https:\/\/www.veroespresso.com\/fr\/produit\/italian-coffee-arabica\/#primaryimage"},"thumbnailUrl":"https:\/\/www.veroespresso.com\/wp-content\/uploads\/2025\/10\/arabica-nes.png","datePublished":"2025-10-09T17:57:20+00:00","dateModified":"2026-01-14T17:09:53+00:00","description":"Try Italian Coffee Arabica capsules for smooth, balanced espresso flavor. Nespresso\u00ae compatible pods crafted for true coffee lovers.","breadcrumb":{"@id":"https:\/\/www.veroespresso.com\/fr\/produit\/italian-coffee-arabica\/#breadcrumb"},"inLanguage":"fr-FR","potentialAction":[{"@type":"ReadAction","target":["https:\/\/www.veroespresso.com\/fr\/produit\/italian-coffee-arabica\/"]}]},{"@type":"ImageObject","inLanguage":"fr-FR","@id":"https:\/\/www.veroespresso.com\/fr\/produit\/italian-coffee-arabica\/#primaryimage","url":"https:\/\/www.veroespresso.com\/wp-content\/uploads\/2025\/10\/arabica-nes.png","contentUrl":"https:\/\/www.veroespresso.com\/wp-content\/uploads\/2025\/10\/arabica-nes.png","width":1351,"height":2033,"caption":"arabica for nespresso"},{"@type":"BreadcrumbList","@id":"https:\/\/www.veroespresso.com\/fr\/produit\/italian-coffee-arabica\/#breadcrumb","itemListElement":[{"@type":"ListItem","position":1,"name":"Home","item":"https:\/\/www.veroespresso.com\/fr\/"},{"@type":"ListItem","position":2,"name":"Products","item":"https:\/\/www.veroespresso.com\/shop\/"},{"@type":"ListItem","position":3,"name":"Arabica 100 capsules ordinaires"}]},{"@type":"WebSite","@id":"https:\/\/www.veroespresso.com\/#website","url":"https:\/\/www.veroespresso.com\/","name":"Vero Espresso","description":"Authentic Italian Flavor, One coffee Pod at a Time","publisher":{"@id":"https:\/\/www.veroespresso.com\/#organization"},"potentialAction":[{"@type":"SearchAction","target":{"@type":"EntryPoint","urlTemplate":"https:\/\/www.veroespresso.com\/?s={search_term_string}"},"query-input":{"@type":"PropertyValueSpecification","valueRequired":true,"valueName":"search_term_string"}}],"inLanguage":"fr-FR"},{"@type":"Organization","@id":"https:\/\/www.veroespresso.com\/#organization","name":"Vero Espresso","url":"https:\/\/www.veroespresso.com\/","logo":{"@type":"ImageObject","inLanguage":"fr-FR","@id":"https:\/\/www.veroespresso.com\/#\/schema\/logo\/image\/","url":"https:\/\/www.veroespresso.com\/wp-content\/uploads\/2025\/09\/512x512vero-espresso-logo-nuovook-copy-2.jpg","contentUrl":"https:\/\/www.veroespresso.com\/wp-content\/uploads\/2025\/09\/512x512vero-espresso-logo-nuovook-copy-2.jpg","width":512,"height":512,"caption":"Vero Espresso"},"image":{"@id":"https:\/\/www.veroespresso.com\/#\/schema\/logo\/image\/"},"sameAs":["https:\/\/www.facebook.com\/veroespressoshop","https:\/\/www.instagram.com\/veroespressoshop"]}]}},"_links":{"self":[{"href":"https:\/\/www.veroespresso.com\/fr\/wp-json\/wp\/v2\/product\/40448","targetHints":{"allow":["GET"]}}],"collection":[{"href":"https:\/\/www.veroespresso.com\/fr\/wp-json\/wp\/v2\/product"}],"about":[{"href":"https:\/\/www.veroespresso.com\/fr\/wp-json\/wp\/v2\/types\/product"}],"replies":[{"embeddable":true,"href":"https:\/\/www.veroespresso.com\/fr\/wp-json\/wp\/v2\/comments?post=40448"}],"wp:featuredmedia":[{"embeddable":true,"href":"https:\/\/www.veroespresso.com\/fr\/wp-json\/wp\/v2\/media\/40477"}],"wp:attachment":[{"href":"https:\/\/www.veroespresso.com\/fr\/wp-json\/wp\/v2\/media?parent=40448"}],"wp:term":[{"taxonomy":"product_brand","embeddable":true,"href":"https:\/\/www.veroespresso.com\/fr\/wp-json\/wp\/v2\/product_brand?post=40448"},{"taxonomy":"product_cat","embeddable":true,"href":"https:\/\/www.veroespresso.com\/fr\/wp-json\/wp\/v2\/product_cat?post=40448"},{"taxonomy":"product_tag","embeddable":true,"href":"https:\/\/www.veroespresso.com\/fr\/wp-json\/wp\/v2\/product_tag?post=40448"},{"taxonomy":"brand","embeddable":true,"href":"https:\/\/www.veroespresso.com\/fr\/wp-json\/wp\/v2\/brand?post=40448"}],"curies":[{"name":"wp","href":"https:\/\/api.w.org\/{rel}","templated":true}]}}