{"id":40604,"date":"2025-10-09T16:18:46","date_gmt":"2025-10-09T21:18:46","guid":{"rendered":"https:\/\/www.veroespresso.com\/?post_type=product&#038;p=40604"},"modified":"2026-04-09T12:58:56","modified_gmt":"2026-04-09T17:58:56","slug":"italian-coffee-verismo-ristretto-fr","status":"publish","type":"product","link":"https:\/\/www.veroespresso.com\/fr\/produit\/italian-coffee-verismo-ristretto-fr\/","title":{"rendered":"Ristretto 80 capsules Verismo"},"content":{"rendered":"<h4><strong>Marque : Caf\u00e9 italien pour les amateurs d&rsquo;espresso<\/strong><\/h4>\n<h4><strong>Quantit\u00e9 : 80 capsules<\/strong><\/h4>\n<h4><strong>Compatibilit\u00e9 : Machines Verismo\u00ae, Caffitaly\u00ae, CBTL\u00ae et K-Fee<\/strong><\/h4>\n<h4><strong>\u00c0 servir de pr\u00e9f\u00e9rence en : Espresso 75 ml<\/strong><\/h4>\n<h4><strong>Intensit\u00e9 : 10\/10<\/strong><\/h4>\n<h4><strong>Torr\u00e9faction : Napolitaine (torr\u00e9faction fonc\u00e9e)<\/strong><\/h4>\n<h4><strong>Notre m\u00e9lange le plus cors\u00e9 et le plus populaire ! Soigneusement s\u00e9lectionn\u00e9 et torr\u00e9fi\u00e9 \u00e0 la napolitaine : 100 % grains de robusta, fonc\u00e9s, intenses et cors\u00e9s !<\/strong><\/h4>\n<h4><\/h4>\n\n    <div class=\"xs_social_share_widget xs_share_url after_content \t\tmain_content  wslu-style-1 wslu-share-box-shaped wslu-fill-colored wslu-none wslu-share-horizontal wslu-theme-font-no wslu-main_content\">\n\n\t\t\n        <ul>\n\t\t\t        <\/ul>\n    <\/div> \n","protected":false},"excerpt":{"rendered":"<p>Marque : Caf\u00e9 italien pour les amateurs d&rsquo;espresso Quantit\u00e9 : 80 capsules Compatibilit\u00e9 : Machines Verismo\u00ae, Caffitaly\u00ae, CBTL\u00ae et K-Fee \u00c0 servir de pr\u00e9f\u00e9rence en : Espresso 75 ml Intensit\u00e9 : 10\/10 Torr\u00e9faction : Napolitaine (torr\u00e9faction fonc\u00e9e) Notre m\u00e9lange le plus cors\u00e9 et le plus populaire ! Soigneusement s\u00e9lectionn\u00e9 et torr\u00e9fi\u00e9 \u00e0 la napolitaine :&hellip; <a class=\"more-link\" href=\"https:\/\/www.veroespresso.com\/fr\/produit\/italian-coffee-verismo-ristretto-fr\/\">Continue reading <span class=\"screen-reader-text\">Ristretto 80 capsules Verismo<\/span><\/a><\/p>\n","protected":false},"featured_media":40618,"comment_status":"open","ping_status":"closed","template":"","meta":{"_acf_changed":false,"inline_featured_image":false},"product_brand":[],"product_cat":[64,76],"product_tag":[],"brand":[],"class_list":{"0":"post-40604","1":"product","2":"type-product","3":"status-publish","4":"has-post-thumbnail","6":"product_cat-verismo-fr","7":"product_cat-subscriptions-fr","8":"entry","10":"first","11":"instock","12":"shipping-taxable","13":"purchasable","14":"product-type-simple"},"acf":[],"yoast_head":"<!-- This site is optimized with the Yoast SEO plugin v27.3 - https:\/\/yoast.com\/product\/yoast-seo-wordpress\/ -->\n<title>Verismo Ristretto - French - Vero Espresso<\/title>\n<meta name=\"description\" content=\"Essayez les capsules de caf\u00e9 italien Verismo Ristretto. Dosettes d&#039;espresso fortes et intenses con\u00e7ues pour les machines Verismo\u00ae. Achetez chez Vero Espresso.\" \/>\n<meta name=\"robots\" content=\"index, follow, max-snippet:-1, max-image-preview:large, max-video-preview:-1\" \/>\n<link rel=\"canonical\" href=\"https:\/\/www.veroespresso.com\/fr\/produit\/italian-coffee-verismo-ristretto-copy\/\" \/>\n<meta property=\"og:locale\" content=\"fr_FR\" \/>\n<meta property=\"og:type\" content=\"article\" \/>\n<meta property=\"og:title\" content=\"Verismo Ristretto - French - Vero Espresso\" \/>\n<meta property=\"og:description\" content=\"Essayez les capsules de caf\u00e9 italien Verismo Ristretto. Dosettes d&#039;espresso fortes et intenses con\u00e7ues pour les machines Verismo\u00ae. Achetez chez Vero Espresso.\" \/>\n<meta property=\"og:url\" content=\"https:\/\/www.veroespresso.com\/fr\/produit\/italian-coffee-verismo-ristretto-copy\/\" \/>\n<meta property=\"og:site_name\" content=\"Vero Espresso\" \/>\n<meta property=\"article:publisher\" content=\"https:\/\/www.facebook.com\/veroespressoshop\" \/>\n<meta property=\"article:modified_time\" content=\"2026-04-09T17:58:56+00:00\" \/>\n<meta property=\"og:image\" content=\"https:\/\/www.veroespresso.com\/wp-content\/uploads\/2025\/10\/verismo-ristretto.png\" \/>\n\t<meta property=\"og:image:width\" content=\"2020\" \/>\n\t<meta property=\"og:image:height\" content=\"2408\" \/>\n\t<meta property=\"og:image:type\" content=\"image\/png\" \/>\n<meta name=\"twitter:card\" content=\"summary_large_image\" \/>\n<meta name=\"twitter:label1\" content=\"Dur\u00e9e de lecture estim\u00e9e\" \/>\n\t<meta name=\"twitter:data1\" content=\"1 minute\" \/>\n<script type=\"application\/ld+json\" class=\"yoast-schema-graph\">{\"@context\":\"https:\\\/\\\/schema.org\",\"@graph\":[{\"@type\":\"WebPage\",\"@id\":\"https:\\\/\\\/www.veroespresso.com\\\/product\\\/ristretto-80-verismo-capsules\\\/\",\"url\":\"https:\\\/\\\/www.veroespresso.com\\\/fr\\\/produit\\\/italian-coffee-verismo-ristretto-copy\\\/\",\"name\":\"Verismo Ristretto - French - Vero Espresso\",\"isPartOf\":{\"@id\":\"https:\\\/\\\/www.veroespresso.com\\\/#website\"},\"primaryImageOfPage\":{\"@id\":\"https:\\\/\\\/www.veroespresso.com\\\/fr\\\/produit\\\/italian-coffee-verismo-ristretto-copy\\\/#primaryimage\"},\"image\":{\"@id\":\"https:\\\/\\\/www.veroespresso.com\\\/fr\\\/produit\\\/italian-coffee-verismo-ristretto-copy\\\/#primaryimage\"},\"thumbnailUrl\":\"https:\\\/\\\/www.veroespresso.com\\\/wp-content\\\/uploads\\\/2025\\\/10\\\/verismo-ristretto.png\",\"datePublished\":\"2025-10-09T21:18:46+00:00\",\"dateModified\":\"2026-04-09T17:58:56+00:00\",\"description\":\"Essayez les capsules de caf\u00e9 italien Verismo Ristretto. Dosettes d'espresso fortes et intenses con\u00e7ues pour les machines Verismo\u00ae. Achetez chez Vero Espresso.\",\"breadcrumb\":{\"@id\":\"https:\\\/\\\/www.veroespresso.com\\\/fr\\\/produit\\\/italian-coffee-verismo-ristretto-copy\\\/#breadcrumb\"},\"inLanguage\":\"fr-FR\",\"potentialAction\":[{\"@type\":\"ReadAction\",\"target\":[\"https:\\\/\\\/www.veroespresso.com\\\/fr\\\/produit\\\/italian-coffee-verismo-ristretto-copy\\\/\"]}]},{\"@type\":\"ImageObject\",\"inLanguage\":\"fr-FR\",\"@id\":\"https:\\\/\\\/www.veroespresso.com\\\/fr\\\/produit\\\/italian-coffee-verismo-ristretto-copy\\\/#primaryimage\",\"url\":\"https:\\\/\\\/www.veroespresso.com\\\/wp-content\\\/uploads\\\/2025\\\/10\\\/verismo-ristretto.png\",\"contentUrl\":\"https:\\\/\\\/www.veroespresso.com\\\/wp-content\\\/uploads\\\/2025\\\/10\\\/verismo-ristretto.png\",\"width\":2020,\"height\":2408,\"caption\":\"Ristretto for verismo\"},{\"@type\":\"BreadcrumbList\",\"@id\":\"https:\\\/\\\/www.veroespresso.com\\\/fr\\\/produit\\\/italian-coffee-verismo-ristretto-copy\\\/#breadcrumb\",\"itemListElement\":[{\"@type\":\"ListItem\",\"position\":1,\"name\":\"Home\",\"item\":\"https:\\\/\\\/www.veroespresso.com\\\/fr\\\/\"},{\"@type\":\"ListItem\",\"position\":2,\"name\":\"Products\",\"item\":\"https:\\\/\\\/www.veroespresso.com\\\/shop\\\/\"},{\"@type\":\"ListItem\",\"position\":3,\"name\":\"Ristretto 80 capsules Verismo\"}]},{\"@type\":\"WebSite\",\"@id\":\"https:\\\/\\\/www.veroespresso.com\\\/#website\",\"url\":\"https:\\\/\\\/www.veroespresso.com\\\/\",\"name\":\"Vero Espresso\",\"description\":\"Authentic Italian Flavor, One coffee Pod at a Time\",\"publisher\":{\"@id\":\"https:\\\/\\\/www.veroespresso.com\\\/#organization\"},\"potentialAction\":[{\"@type\":\"SearchAction\",\"target\":{\"@type\":\"EntryPoint\",\"urlTemplate\":\"https:\\\/\\\/www.veroespresso.com\\\/?s={search_term_string}\"},\"query-input\":{\"@type\":\"PropertyValueSpecification\",\"valueRequired\":true,\"valueName\":\"search_term_string\"}}],\"inLanguage\":\"fr-FR\"},{\"@type\":\"Organization\",\"@id\":\"https:\\\/\\\/www.veroespresso.com\\\/#organization\",\"name\":\"Vero Espresso\",\"url\":\"https:\\\/\\\/www.veroespresso.com\\\/\",\"logo\":{\"@type\":\"ImageObject\",\"inLanguage\":\"fr-FR\",\"@id\":\"https:\\\/\\\/www.veroespresso.com\\\/#\\\/schema\\\/logo\\\/image\\\/\",\"url\":\"https:\\\/\\\/www.veroespresso.com\\\/wp-content\\\/uploads\\\/2025\\\/09\\\/512x512vero-espresso-logo-nuovook-copy-2.jpg\",\"contentUrl\":\"https:\\\/\\\/www.veroespresso.com\\\/wp-content\\\/uploads\\\/2025\\\/09\\\/512x512vero-espresso-logo-nuovook-copy-2.jpg\",\"width\":512,\"height\":512,\"caption\":\"Vero Espresso\"},\"image\":{\"@id\":\"https:\\\/\\\/www.veroespresso.com\\\/#\\\/schema\\\/logo\\\/image\\\/\"},\"sameAs\":[\"https:\\\/\\\/www.facebook.com\\\/veroespressoshop\",\"https:\\\/\\\/www.instagram.com\\\/veroespressoshop\"]}]}<\/script>\n<!-- \/ Yoast SEO plugin. -->","yoast_head_json":{"title":"Verismo Ristretto - French - Vero Espresso","description":"Essayez les capsules de caf\u00e9 italien Verismo Ristretto. Dosettes d'espresso fortes et intenses con\u00e7ues pour les machines Verismo\u00ae. Achetez chez Vero Espresso.","robots":{"index":"index","follow":"follow","max-snippet":"max-snippet:-1","max-image-preview":"max-image-preview:large","max-video-preview":"max-video-preview:-1"},"canonical":"https:\/\/www.veroespresso.com\/fr\/produit\/italian-coffee-verismo-ristretto-copy\/","og_locale":"fr_FR","og_type":"article","og_title":"Verismo Ristretto - French - Vero Espresso","og_description":"Essayez les capsules de caf\u00e9 italien Verismo Ristretto. Dosettes d'espresso fortes et intenses con\u00e7ues pour les machines Verismo\u00ae. Achetez chez Vero Espresso.","og_url":"https:\/\/www.veroespresso.com\/fr\/produit\/italian-coffee-verismo-ristretto-copy\/","og_site_name":"Vero Espresso","article_publisher":"https:\/\/www.facebook.com\/veroespressoshop","article_modified_time":"2026-04-09T17:58:56+00:00","og_image":[{"width":2020,"height":2408,"url":"https:\/\/www.veroespresso.com\/wp-content\/uploads\/2025\/10\/verismo-ristretto.png","type":"image\/png"}],"twitter_card":"summary_large_image","twitter_misc":{"Dur\u00e9e de lecture estim\u00e9e":"1 minute"},"schema":{"@context":"https:\/\/schema.org","@graph":[{"@type":"WebPage","@id":"https:\/\/www.veroespresso.com\/product\/ristretto-80-verismo-capsules\/","url":"https:\/\/www.veroespresso.com\/fr\/produit\/italian-coffee-verismo-ristretto-copy\/","name":"Verismo Ristretto - French - Vero Espresso","isPartOf":{"@id":"https:\/\/www.veroespresso.com\/#website"},"primaryImageOfPage":{"@id":"https:\/\/www.veroespresso.com\/fr\/produit\/italian-coffee-verismo-ristretto-copy\/#primaryimage"},"image":{"@id":"https:\/\/www.veroespresso.com\/fr\/produit\/italian-coffee-verismo-ristretto-copy\/#primaryimage"},"thumbnailUrl":"https:\/\/www.veroespresso.com\/wp-content\/uploads\/2025\/10\/verismo-ristretto.png","datePublished":"2025-10-09T21:18:46+00:00","dateModified":"2026-04-09T17:58:56+00:00","description":"Essayez les capsules de caf\u00e9 italien Verismo Ristretto. Dosettes d'espresso fortes et intenses con\u00e7ues pour les machines Verismo\u00ae. Achetez chez Vero Espresso.","breadcrumb":{"@id":"https:\/\/www.veroespresso.com\/fr\/produit\/italian-coffee-verismo-ristretto-copy\/#breadcrumb"},"inLanguage":"fr-FR","potentialAction":[{"@type":"ReadAction","target":["https:\/\/www.veroespresso.com\/fr\/produit\/italian-coffee-verismo-ristretto-copy\/"]}]},{"@type":"ImageObject","inLanguage":"fr-FR","@id":"https:\/\/www.veroespresso.com\/fr\/produit\/italian-coffee-verismo-ristretto-copy\/#primaryimage","url":"https:\/\/www.veroespresso.com\/wp-content\/uploads\/2025\/10\/verismo-ristretto.png","contentUrl":"https:\/\/www.veroespresso.com\/wp-content\/uploads\/2025\/10\/verismo-ristretto.png","width":2020,"height":2408,"caption":"Ristretto for verismo"},{"@type":"BreadcrumbList","@id":"https:\/\/www.veroespresso.com\/fr\/produit\/italian-coffee-verismo-ristretto-copy\/#breadcrumb","itemListElement":[{"@type":"ListItem","position":1,"name":"Home","item":"https:\/\/www.veroespresso.com\/fr\/"},{"@type":"ListItem","position":2,"name":"Products","item":"https:\/\/www.veroespresso.com\/shop\/"},{"@type":"ListItem","position":3,"name":"Ristretto 80 capsules Verismo"}]},{"@type":"WebSite","@id":"https:\/\/www.veroespresso.com\/#website","url":"https:\/\/www.veroespresso.com\/","name":"Vero Espresso","description":"Authentic Italian Flavor, One coffee Pod at a Time","publisher":{"@id":"https:\/\/www.veroespresso.com\/#organization"},"potentialAction":[{"@type":"SearchAction","target":{"@type":"EntryPoint","urlTemplate":"https:\/\/www.veroespresso.com\/?s={search_term_string}"},"query-input":{"@type":"PropertyValueSpecification","valueRequired":true,"valueName":"search_term_string"}}],"inLanguage":"fr-FR"},{"@type":"Organization","@id":"https:\/\/www.veroespresso.com\/#organization","name":"Vero Espresso","url":"https:\/\/www.veroespresso.com\/","logo":{"@type":"ImageObject","inLanguage":"fr-FR","@id":"https:\/\/www.veroespresso.com\/#\/schema\/logo\/image\/","url":"https:\/\/www.veroespresso.com\/wp-content\/uploads\/2025\/09\/512x512vero-espresso-logo-nuovook-copy-2.jpg","contentUrl":"https:\/\/www.veroespresso.com\/wp-content\/uploads\/2025\/09\/512x512vero-espresso-logo-nuovook-copy-2.jpg","width":512,"height":512,"caption":"Vero Espresso"},"image":{"@id":"https:\/\/www.veroespresso.com\/#\/schema\/logo\/image\/"},"sameAs":["https:\/\/www.facebook.com\/veroespressoshop","https:\/\/www.instagram.com\/veroespressoshop"]}]}},"_links":{"self":[{"href":"https:\/\/www.veroespresso.com\/fr\/wp-json\/wp\/v2\/product\/40604","targetHints":{"allow":["GET"]}}],"collection":[{"href":"https:\/\/www.veroespresso.com\/fr\/wp-json\/wp\/v2\/product"}],"about":[{"href":"https:\/\/www.veroespresso.com\/fr\/wp-json\/wp\/v2\/types\/product"}],"replies":[{"embeddable":true,"href":"https:\/\/www.veroespresso.com\/fr\/wp-json\/wp\/v2\/comments?post=40604"}],"wp:featuredmedia":[{"embeddable":true,"href":"https:\/\/www.veroespresso.com\/fr\/wp-json\/wp\/v2\/media\/40618"}],"wp:attachment":[{"href":"https:\/\/www.veroespresso.com\/fr\/wp-json\/wp\/v2\/media?parent=40604"}],"wp:term":[{"taxonomy":"product_brand","embeddable":true,"href":"https:\/\/www.veroespresso.com\/fr\/wp-json\/wp\/v2\/product_brand?post=40604"},{"taxonomy":"product_cat","embeddable":true,"href":"https:\/\/www.veroespresso.com\/fr\/wp-json\/wp\/v2\/product_cat?post=40604"},{"taxonomy":"product_tag","embeddable":true,"href":"https:\/\/www.veroespresso.com\/fr\/wp-json\/wp\/v2\/product_tag?post=40604"},{"taxonomy":"brand","embeddable":true,"href":"https:\/\/www.veroespresso.com\/fr\/wp-json\/wp\/v2\/brand?post=40604"}],"curies":[{"name":"wp","href":"https:\/\/api.w.org\/{rel}","templated":true}]}}